{"id":645,"date":"2020-10-08T16:05:47","date_gmt":"2020-10-08T16:05:47","guid":{"rendered":"https:\/\/www.pension-hunaustuben.com\/?page_id=645"},"modified":"2024-11-20T20:55:20","modified_gmt":"2024-11-20T20:55:20","slug":"radfahren-im-sauerland","status":"publish","type":"page","link":"https:\/\/www.pension-hunaustuben.com\/nl\/radfahren-im-sauerland\/","title":{"rendered":"Fietsen in het Sauerland"},"content":{"rendered":"<figure class=\"wp-block-gallery has-nested-images columns-default is-cropped wp-block-gallery-1 is-layout-flex wp-block-gallery-is-layout-flex\">\n<figure class=\"wp-block-image size-large\"><img loading=\"lazy\" decoding=\"async\" width=\"275\" height=\"183\" data-id=\"650\" src=\"https:\/\/www.pension-hunaustuben.com\/wp-content\/uploads\/2020\/10\/BAS2.jpg\" alt=\"\" class=\"wp-image-650\" srcset=\"https:\/\/www.pension-hunaustuben.com\/wp-content\/uploads\/2020\/10\/BAS2.jpg 275w, https:\/\/www.pension-hunaustuben.com\/wp-content\/uploads\/2020\/10\/BAS2-16x12.jpg 16w, https:\/\/www.pension-hunaustuben.com\/wp-content\/uploads\/2020\/10\/BAS2-150x100.jpg 150w\" sizes=\"auto, (max-width: 275px) 100vw, 275px\" \/><\/figure>\n\n\n\n<figure class=\"wp-block-image size-large\"><img loading=\"lazy\" decoding=\"async\" width=\"244\" height=\"163\" data-id=\"651\" src=\"https:\/\/www.pension-hunaustuben.com\/wp-content\/uploads\/2020\/10\/fietsen1.jpeg\" alt=\"\" class=\"wp-image-651\" srcset=\"https:\/\/www.pension-hunaustuben.com\/wp-content\/uploads\/2020\/10\/fietsen1.jpeg 244w, https:\/\/www.pension-hunaustuben.com\/wp-content\/uploads\/2020\/10\/fietsen1-16x12.jpeg 16w, https:\/\/www.pension-hunaustuben.com\/wp-content\/uploads\/2020\/10\/fietsen1-150x100.jpeg 150w\" sizes=\"auto, (max-width: 244px) 100vw, 244px\" \/><\/figure>\n\n\n\n<figure class=\"wp-block-image size-large\"><img loading=\"lazy\" decoding=\"async\" width=\"215\" height=\"143\" data-id=\"652\" src=\"https:\/\/www.pension-hunaustuben.com\/wp-content\/uploads\/2020\/10\/Rennrad-1_front_listitem.jpg\" alt=\"\" class=\"wp-image-652\" srcset=\"https:\/\/www.pension-hunaustuben.com\/wp-content\/uploads\/2020\/10\/Rennrad-1_front_listitem.jpg 215w, https:\/\/www.pension-hunaustuben.com\/wp-content\/uploads\/2020\/10\/Rennrad-1_front_listitem-16x12.jpg 16w, https:\/\/www.pension-hunaustuben.com\/wp-content\/uploads\/2020\/10\/Rennrad-1_front_listitem-150x100.jpg 150w\" sizes=\"auto, (max-width: 215px) 100vw, 215px\" \/><\/figure>\n<\/figure>\n\n\n\n<p>Mountainbiken, Rennradfahren oder ein Tour auf dem E-Bike? Es ist egal ob Sie auf d\u00fcnnen oder dicken Reifen fahren, das Sauerland hat f\u00fcr jeden Bereich sch\u00f6ne Touren.<br><br>Das Sauerland bietet neben ein ausgezeignetes Wandernetz auch eine perfekte Infrastruktur f\u00fcr Radfahrer. Die typische Landschaft des Sauerlandes, mit H\u00fcgeln, Bergen, W\u00e4lder, T\u00e4ler und guten Stra\u00dfen, bietet Ihnen herausfordernde Strecken unter den idealen Bedingungen. Im wichtigsten Feriengebiet Nordrhein-Westfalen bietet die Bike-Arena Sauerland sch\u00f6ne Fahrradtouren f\u00fcr alle Radfahrer. In unserem Haus sind alle Radfahrer herzlich willkommen. <br><br>Vom Gasthof aus, k\u00f6nnen Sie sofort starten. Wir helfen Ihnen gerne eine passende Tour zu finden.<\/p>","protected":false},"excerpt":{"rendered":"<p>Mountainbiken, Rennradfahren oder ein Tour auf dem E-Bike? Es ist egal ob Sie auf d\u00fcnnen oder dicken Reifen fahren, das Sauerland hat f\u00fcr jeden Bereich sch\u00f6ne Touren. Das Sauerland bietet neben ein ausgezeignetes Wandernetz auch eine perfekte Infrastruktur f\u00fcr Radfahrer. Die typische Landschaft des Sauerlandes, mit H\u00fcgeln, Bergen, W\u00e4lder, T\u00e4ler&#8230; <a class=\"continue-reading-link\" href=\"https:\/\/www.pension-hunaustuben.com\/nl\/radfahren-im-sauerland\/\">meer lezen<\/a><\/p>","protected":false},"author":1,"featured_media":0,"parent":0,"menu_order":0,"comment_status":"closed","ping_status":"closed","template":"","meta":{"footnotes":""},"class_list":["post-645","page","type-page","status-publish","hentry"],"_links":{"self":[{"href":"https:\/\/www.pension-hunaustuben.com\/nl\/wp-json\/wp\/v2\/pages\/645","targetHints":{"allow":["GET"]}}],"collection":[{"href":"https:\/\/www.pension-hunaustuben.com\/nl\/wp-json\/wp\/v2\/pages"}],"about":[{"href":"https:\/\/www.pension-hunaustuben.com\/nl\/wp-json\/wp\/v2\/types\/page"}],"author":[{"embeddable":true,"href":"https:\/\/www.pension-hunaustuben.com\/nl\/wp-json\/wp\/v2\/users\/1"}],"replies":[{"embeddable":true,"href":"https:\/\/www.pension-hunaustuben.com\/nl\/wp-json\/wp\/v2\/comments?post=645"}],"version-history":[{"count":5,"href":"https:\/\/www.pension-hunaustuben.com\/nl\/wp-json\/wp\/v2\/pages\/645\/revisions"}],"predecessor-version":[{"id":1227,"href":"https:\/\/www.pension-hunaustuben.com\/nl\/wp-json\/wp\/v2\/pages\/645\/revisions\/1227"}],"wp:attachment":[{"href":"https:\/\/www.pension-hunaustuben.com\/nl\/wp-json\/wp\/v2\/media?parent=645"}],"curies":[{"name":"wp","href":"https:\/\/api.w.org\/{rel}","templated":true}]}}