{"id":640,"date":"2020-10-08T15:49:47","date_gmt":"2020-10-08T15:49:47","guid":{"rendered":"https:\/\/www.pension-hunaustuben.com\/?page_id=640"},"modified":"2024-11-20T20:42:09","modified_gmt":"2024-11-20T20:42:09","slug":"umgebung-aktivitaeten","status":"publish","type":"page","link":"https:\/\/www.pension-hunaustuben.com\/nl\/umgebung-aktivitaeten\/","title":{"rendered":"Omgeving\/Activiteiten"},"content":{"rendered":"<figure class=\"wp-block-image size-large is-resized\"><img loading=\"lazy\" decoding=\"async\" width=\"1024\" height=\"271\" src=\"https:\/\/www.pension-hunaustuben.com\/wp-content\/uploads\/2020\/10\/Panoramafoto-Wandeling-Hollenpfad-Bodefeld-bij-vlakstuk-bij-openstuk-uitzicht-ten-noorden-van-Bodefeld-2-1024x271.jpg\" alt=\"\" class=\"wp-image-641\" style=\"width:667px;height:176px\" srcset=\"https:\/\/www.pension-hunaustuben.com\/wp-content\/uploads\/2020\/10\/Panoramafoto-Wandeling-Hollenpfad-Bodefeld-bij-vlakstuk-bij-openstuk-uitzicht-ten-noorden-van-Bodefeld-2-1024x271.jpg 1024w, https:\/\/www.pension-hunaustuben.com\/wp-content\/uploads\/2020\/10\/Panoramafoto-Wandeling-Hollenpfad-Bodefeld-bij-vlakstuk-bij-openstuk-uitzicht-ten-noorden-van-Bodefeld-2-300x79.jpg 300w, https:\/\/www.pension-hunaustuben.com\/wp-content\/uploads\/2020\/10\/Panoramafoto-Wandeling-Hollenpfad-Bodefeld-bij-vlakstuk-bij-openstuk-uitzicht-ten-noorden-van-Bodefeld-2-768x203.jpg 768w, https:\/\/www.pension-hunaustuben.com\/wp-content\/uploads\/2020\/10\/Panoramafoto-Wandeling-Hollenpfad-Bodefeld-bij-vlakstuk-bij-openstuk-uitzicht-ten-noorden-van-Bodefeld-2-16x4.jpg 16w, https:\/\/www.pension-hunaustuben.com\/wp-content\/uploads\/2020\/10\/Panoramafoto-Wandeling-Hollenpfad-Bodefeld-bij-vlakstuk-bij-openstuk-uitzicht-ten-noorden-van-Bodefeld-2-150x40.jpg 150w, https:\/\/www.pension-hunaustuben.com\/wp-content\/uploads\/2020\/10\/Panoramafoto-Wandeling-Hollenpfad-Bodefeld-bij-vlakstuk-bij-openstuk-uitzicht-ten-noorden-van-Bodefeld-2.jpg 1280w\" sizes=\"auto, (max-width: 1024px) 100vw, 1024px\" \/><figcaption class=\"wp-element-caption\">Uitzichtpunt over B\u00f6defeld<\/figcaption><\/figure>\n\n\n\n<p>Gasthof-Pension Hunaustuben liegt Zentral im Sauerland. Ungef\u00e4hr 1 Stunde fahren aus der Richtung Dortmund, 1 Stunde aus Richting Kassel und 1 Stunde aus Richtung Marburg. Das Sauerland ist eine sehr sch\u00f6ne Umgebung mit guten Anbindungen zum Wandern und Fahrradfahren. Das Sauerland bietet auch viele authentische D\u00f6rfer und St\u00e4dte f\u00fcr einen sch\u00f6nen Tagesausflug.<br>Das Sauerland wird auch &#8222;das Land der 1000 Berge&#8220; genannt. Durch die vielen Bergen und H\u00fcgeln ist das Gebiet im Winter ideal zum skifahren, skilaufen oder rodeln. Es gibt 2711 Berge im Sauerland mit mehr als 400 H\u00f6henmetern. Winterberg mit seinem Skiliftkarusell ist in nur 15 Minuten erreichbar. Innerhalb von 5 Minuten k\u00f6nnen Sie schon am l\u00e4ngsten Skilift im Sauerland sein; der Hunaulift! Mit Recht einen &#8222;spitzen&#8220; Erlebnis.<br><br><\/p>\n\n\n\n<figure class=\"wp-block-image\"><img decoding=\"async\" src=\"https:\/\/www.pension-hunaustuben.com\/wp-content\/uploads\/2019\/05\/KPK486259-1024x683.jpg\" alt=\"Dieses Bild hat ein leeres Alt-Attribut. Der Dateiname ist KPK486259-1024x683.jpg\"\/><figcaption class=\"wp-element-caption\">Pfarrkirche St. Cosmos und Damian<\/figcaption><\/figure>\n\n\n\n<p>B\u00f6defeld ist ein altes charakteristisches Dorf mit vielen alten Fachwerkh\u00e4usern. Es ist ein lebendiges Dorf mit ungef\u00e4hr 1100 Einwohner. Die Einwohner von B\u00f6defeld sind stolz auf ihr Dorf und das sieht man an der Pflege den H\u00e4usern, G\u00e4rten und gemeinn\u00fctzigen Fl\u00e4chen wie der Naturspielplatz Walkenm\u00fchle und das Wildgehege mit t\u00e4glicher F\u00fctterung.<br>B\u00f6defeld hat ein kleines Einkaufszentrum, mit B\u00e4ckerei \/ Konditorei, Metzger, Blumenladen, Getr\u00e4nkemarkt, ein Supermarkt und ein Sportsladen f\u00fcr ihre Leihskier und anderen Winterartikeln.<\/p>\n\n\n\n<p><\/p>\n\n\n\n<figure class=\"wp-block-image\"><img decoding=\"async\" src=\"https:\/\/www.pension-hunaustuben.com\/wp-content\/uploads\/2019\/05\/KPK486328-1024x682.jpg\" alt=\"Dieses Bild hat ein leeres Alt-Attribut. Der Dateiname ist KPK486328-1024x682.jpg\"\/><\/figure>\n\n\n\n<p>Bezienswaardigheden in B\u00f6defeld:<br>&#8211; Die Pfarrkirche<br>&#8211; Die schwarze Hand von B\u00f6defeld<br>- De kruisbergkapel<br>&#8211; Das Soldatengrab<br>- Natuurspeelplaats Walkenm\u00fchle<br>- Herten voeren bij het hertenkamp<br>&#8211; Wanderung des Hollenpfads B5<br>&#8211; Wanderung des Pilgerpfads B6<br>&#8211; Das Hochmoor &#8222;Nasse Wiese&#8220;<br>&#8211; Der Hundegrad der Isolde von der Hunau<br><br>In B\u00f6defeld gibt es auch mehrere Dorffesten die Sie besuchen k\u00f6nnen. Einige davon sind: das Sch\u00fctzenfest, Osterfeuer, Fronleichnam, St. Martin und der B\u00f6defelder Hollenmarsch.<br><br>In B\u00f6defeld is altijd en voor iedereen wat te beleven.<\/p>","protected":false},"excerpt":{"rendered":"<p>Gasthof-Pension Hunaustuben liegt Zentral im Sauerland. Ungef\u00e4hr 1 Stunde fahren aus der Richtung Dortmund, 1 Stunde aus Richting Kassel und 1 Stunde aus Richtung Marburg. Das Sauerland ist eine sehr sch\u00f6ne Umgebung mit guten Anbindungen zum Wandern und Fahrradfahren. Das Sauerland bietet auch viele authentische D\u00f6rfer und St\u00e4dte f\u00fcr einen&#8230; <a class=\"continue-reading-link\" href=\"https:\/\/www.pension-hunaustuben.com\/nl\/umgebung-aktivitaeten\/\">meer lezen<\/a><\/p>","protected":false},"author":1,"featured_media":0,"parent":0,"menu_order":0,"comment_status":"closed","ping_status":"closed","template":"","meta":{"footnotes":""},"class_list":["post-640","page","type-page","status-publish","hentry"],"_links":{"self":[{"href":"https:\/\/www.pension-hunaustuben.com\/nl\/wp-json\/wp\/v2\/pages\/640","targetHints":{"allow":["GET"]}}],"collection":[{"href":"https:\/\/www.pension-hunaustuben.com\/nl\/wp-json\/wp\/v2\/pages"}],"about":[{"href":"https:\/\/www.pension-hunaustuben.com\/nl\/wp-json\/wp\/v2\/types\/page"}],"author":[{"embeddable":true,"href":"https:\/\/www.pension-hunaustuben.com\/nl\/wp-json\/wp\/v2\/users\/1"}],"replies":[{"embeddable":true,"href":"https:\/\/www.pension-hunaustuben.com\/nl\/wp-json\/wp\/v2\/comments?post=640"}],"version-history":[{"count":4,"href":"https:\/\/www.pension-hunaustuben.com\/nl\/wp-json\/wp\/v2\/pages\/640\/revisions"}],"predecessor-version":[{"id":1221,"href":"https:\/\/www.pension-hunaustuben.com\/nl\/wp-json\/wp\/v2\/pages\/640\/revisions\/1221"}],"wp:attachment":[{"href":"https:\/\/www.pension-hunaustuben.com\/nl\/wp-json\/wp\/v2\/media?parent=640"}],"curies":[{"name":"wp","href":"https:\/\/api.w.org\/{rel}","templated":true}]}}