{"id":218,"date":"2019-05-02T11:12:32","date_gmt":"2019-05-02T11:12:32","guid":{"rendered":"http:\/\/nieuw2019.pension-hunaustuben.com\/?page_id=218"},"modified":"2025-09-03T20:28:12","modified_gmt":"2025-09-03T20:28:12","slug":"kerst-arrangement","status":"publish","type":"page","link":"https:\/\/www.pension-hunaustuben.com\/nl\/kerst-arrangement\/","title":{"rendered":"Kerst"},"content":{"rendered":"<p>&#x1f384; <strong>Kerstmis vier je bij ons - Sfeervol, Heerlijk, onvergetelijk<\/strong> &#x1f384;<\/p>\n\n\n\n<p>Breng de feestelijkste tijd van het jaar door in een ontspannen sfeer en laat u volledig verwennen \u2013 met ons <strong>exclusives kerstarrangement<\/strong> vom <strong>van 24 t\/m 27 december<\/strong>.<\/p>\n\n\n\n<p><strong>inclusief:<\/strong><\/p>\n\n\n\n<p>\u2615 Hartelijk welkom met koffie en gebak bij aankomst<br>\ud83d\udecf\ufe0f 3 Overnachtingen in een sfeervolle kamer<br>\ud83c\udf73 3x ruitgebreid ontbijt<br>\ud83c\udf7d\ufe0f 1x feestelijk buffet op de aankomstdag<br>\ud83c\udf84 1x voortreffelijk 5-gangenmenu op Eerste Kerstdag<br>\u2728 1x heerlijk 3-gangendiner op Tweede Kerstdag met aansluitend een <strong>romantische fakkletocht<\/strong><\/p>\n\n\n\n<p><strong>Vanaf \u20ac249,- per Persoon<\/strong><\/p>\n\n\n\n<p>\ud83d\udccc Deze bijzondere aanbieding is <strong>uitsluitend direct bij ons boekbaar<\/strong> \u2013 reserveer op tijd uw plek en beleef Kerst zoals het hoort: ontspannen, heerlijk en vol bijzondere momenten.<\/p>\n\n\n\n<p>\ud83d\udc49 Nu aanvragen &amp; reserveren!<\/p>\n\n\n\n<figure class=\"wp-block-gallery has-nested-images columns-default is-cropped wp-block-gallery-1 is-layout-flex wp-block-gallery-is-layout-flex\">\n<figure class=\"wp-block-image size-large\"><img loading=\"lazy\" decoding=\"async\" width=\"960\" height=\"720\" data-id=\"523\" src=\"https:\/\/www.pension-hunaustuben.com\/wp-content\/uploads\/2020\/03\/15822733_1281890018524901_1564814486923332571_n.jpg\" alt=\"\" class=\"wp-image-523\" srcset=\"https:\/\/www.pension-hunaustuben.com\/wp-content\/uploads\/2020\/03\/15822733_1281890018524901_1564814486923332571_n.jpg 960w, https:\/\/www.pension-hunaustuben.com\/wp-content\/uploads\/2020\/03\/15822733_1281890018524901_1564814486923332571_n-300x225.jpg 300w, https:\/\/www.pension-hunaustuben.com\/wp-content\/uploads\/2020\/03\/15822733_1281890018524901_1564814486923332571_n-768x576.jpg 768w, https:\/\/www.pension-hunaustuben.com\/wp-content\/uploads\/2020\/03\/15822733_1281890018524901_1564814486923332571_n-467x350.jpg 467w, https:\/\/www.pension-hunaustuben.com\/wp-content\/uploads\/2020\/03\/15822733_1281890018524901_1564814486923332571_n-150x113.jpg 150w\" sizes=\"auto, (max-width: 960px) 100vw, 960px\" \/><figcaption class=\"wp-element-caption\">Buffet<\/figcaption><\/figure>\n\n\n\n<figure class=\"wp-block-image size-large\"><img loading=\"lazy\" decoding=\"async\" width=\"768\" height=\"1024\" data-id=\"525\" src=\"https:\/\/www.pension-hunaustuben.com\/wp-content\/uploads\/2020\/03\/20191225_185830-768x1024.jpg\" alt=\"\" class=\"wp-image-525\" srcset=\"https:\/\/www.pension-hunaustuben.com\/wp-content\/uploads\/2020\/03\/20191225_185830-768x1024.jpg 768w, https:\/\/www.pension-hunaustuben.com\/wp-content\/uploads\/2020\/03\/20191225_185830-225x300.jpg 225w, https:\/\/www.pension-hunaustuben.com\/wp-content\/uploads\/2020\/03\/20191225_185830-1152x1536.jpg 1152w, https:\/\/www.pension-hunaustuben.com\/wp-content\/uploads\/2020\/03\/20191225_185830-1536x2048.jpg 1536w, https:\/\/www.pension-hunaustuben.com\/wp-content\/uploads\/2020\/03\/20191225_185830-263x350.jpg 263w, https:\/\/www.pension-hunaustuben.com\/wp-content\/uploads\/2020\/03\/20191225_185830-113x150.jpg 113w, https:\/\/www.pension-hunaustuben.com\/wp-content\/uploads\/2020\/03\/20191225_185830-scaled.jpg 1920w\" sizes=\"auto, (max-width: 768px) 100vw, 768px\" \/><figcaption class=\"wp-element-caption\">Lekker eten<\/figcaption><\/figure>\n\n\n\n<figure class=\"wp-block-image size-large\"><img loading=\"lazy\" decoding=\"async\" width=\"576\" height=\"1024\" data-id=\"527\" src=\"https:\/\/www.pension-hunaustuben.com\/wp-content\/uploads\/2020\/03\/20181225_172954-576x1024.jpg\" alt=\"\" class=\"wp-image-527\" srcset=\"https:\/\/www.pension-hunaustuben.com\/wp-content\/uploads\/2020\/03\/20181225_172954-576x1024.jpg 576w, https:\/\/www.pension-hunaustuben.com\/wp-content\/uploads\/2020\/03\/20181225_172954-169x300.jpg 169w, https:\/\/www.pension-hunaustuben.com\/wp-content\/uploads\/2020\/03\/20181225_172954-768x1365.jpg 768w, https:\/\/www.pension-hunaustuben.com\/wp-content\/uploads\/2020\/03\/20181225_172954-864x1536.jpg 864w, https:\/\/www.pension-hunaustuben.com\/wp-content\/uploads\/2020\/03\/20181225_172954-1152x2048.jpg 1152w, https:\/\/www.pension-hunaustuben.com\/wp-content\/uploads\/2020\/03\/20181225_172954-197x350.jpg 197w, https:\/\/www.pension-hunaustuben.com\/wp-content\/uploads\/2020\/03\/20181225_172954-84x150.jpg 84w, https:\/\/www.pension-hunaustuben.com\/wp-content\/uploads\/2020\/03\/20181225_172954-scaled.jpg 1440w\" sizes=\"auto, (max-width: 576px) 100vw, 576px\" \/><figcaption class=\"wp-element-caption\">Mooi gedekte tafels<\/figcaption><\/figure>\n\n\n\n<figure class=\"wp-block-image size-large\"><img loading=\"lazy\" decoding=\"async\" width=\"768\" height=\"1024\" data-id=\"528\" src=\"https:\/\/www.pension-hunaustuben.com\/wp-content\/uploads\/2020\/03\/IMG_6125-768x1024.jpg\" alt=\"\" class=\"wp-image-528\" srcset=\"https:\/\/www.pension-hunaustuben.com\/wp-content\/uploads\/2020\/03\/IMG_6125-768x1024.jpg 768w, https:\/\/www.pension-hunaustuben.com\/wp-content\/uploads\/2020\/03\/IMG_6125-225x300.jpg 225w, https:\/\/www.pension-hunaustuben.com\/wp-content\/uploads\/2020\/03\/IMG_6125-1152x1536.jpg 1152w, https:\/\/www.pension-hunaustuben.com\/wp-content\/uploads\/2020\/03\/IMG_6125-1536x2048.jpg 1536w, https:\/\/www.pension-hunaustuben.com\/wp-content\/uploads\/2020\/03\/IMG_6125-263x350.jpg 263w, https:\/\/www.pension-hunaustuben.com\/wp-content\/uploads\/2020\/03\/IMG_6125-113x150.jpg 113w, https:\/\/www.pension-hunaustuben.com\/wp-content\/uploads\/2020\/03\/IMG_6125-scaled.jpg 1920w\" sizes=\"auto, (max-width: 768px) 100vw, 768px\" \/><figcaption class=\"wp-element-caption\">3- en 5- gangen diner<\/figcaption><\/figure>\n\n\n\n<figure class=\"wp-block-image size-large\"><img loading=\"lazy\" decoding=\"async\" width=\"600\" height=\"800\" data-id=\"529\" src=\"https:\/\/www.pension-hunaustuben.com\/wp-content\/uploads\/2020\/03\/Hunaustuben-070-full.jpg\" alt=\"\" class=\"wp-image-529\" srcset=\"https:\/\/www.pension-hunaustuben.com\/wp-content\/uploads\/2020\/03\/Hunaustuben-070-full.jpg 600w, https:\/\/www.pension-hunaustuben.com\/wp-content\/uploads\/2020\/03\/Hunaustuben-070-full-225x300.jpg 225w, https:\/\/www.pension-hunaustuben.com\/wp-content\/uploads\/2020\/03\/Hunaustuben-070-full-263x350.jpg 263w, https:\/\/www.pension-hunaustuben.com\/wp-content\/uploads\/2020\/03\/Hunaustuben-070-full-113x150.jpg 113w\" sizes=\"auto, (max-width: 600px) 100vw, 600px\" \/><figcaption class=\"wp-element-caption\">Kerstdecoratie<\/figcaption><\/figure>\n<\/figure>","protected":false},"excerpt":{"rendered":"<p>&#x1f384; Weihnachten bei uns \u2013 Besinnlich, Gen\u00fcsslich, Unvergesslich &#x1f384; Verbringen Sie die festlichste Zeit des Jahres in entspannter Atmosph\u00e4re und lassen Sie sich rundum verw\u00f6hnen \u2013 mit unserem exklusiven Weihnachtsarrangement vom 24. bis 27. Dezember. Inklusive: &#x2615; Herzliches Willkommen mit Kaffee &amp; Kuchen bei der Anreise&#x1f6cf;&#xfe0f; 3 \u00dcbernachtungen in gem\u00fctlicher&#8230; <a class=\"continue-reading-link\" href=\"https:\/\/www.pension-hunaustuben.com\/nl\/kerst-arrangement\/\">meer lezen<\/a><\/p>","protected":false},"author":1,"featured_media":0,"parent":0,"menu_order":0,"comment_status":"closed","ping_status":"closed","template":"","meta":{"footnotes":""},"class_list":["post-218","page","type-page","status-publish","hentry"],"_links":{"self":[{"href":"https:\/\/www.pension-hunaustuben.com\/nl\/wp-json\/wp\/v2\/pages\/218","targetHints":{"allow":["GET"]}}],"collection":[{"href":"https:\/\/www.pension-hunaustuben.com\/nl\/wp-json\/wp\/v2\/pages"}],"about":[{"href":"https:\/\/www.pension-hunaustuben.com\/nl\/wp-json\/wp\/v2\/types\/page"}],"author":[{"embeddable":true,"href":"https:\/\/www.pension-hunaustuben.com\/nl\/wp-json\/wp\/v2\/users\/1"}],"replies":[{"embeddable":true,"href":"https:\/\/www.pension-hunaustuben.com\/nl\/wp-json\/wp\/v2\/comments?post=218"}],"version-history":[{"count":18,"href":"https:\/\/www.pension-hunaustuben.com\/nl\/wp-json\/wp\/v2\/pages\/218\/revisions"}],"predecessor-version":[{"id":1238,"href":"https:\/\/www.pension-hunaustuben.com\/nl\/wp-json\/wp\/v2\/pages\/218\/revisions\/1238"}],"wp:attachment":[{"href":"https:\/\/www.pension-hunaustuben.com\/nl\/wp-json\/wp\/v2\/media?parent=218"}],"curies":[{"name":"wp","href":"https:\/\/api.w.org\/{rel}","templated":true}]}}