{"id":133,"date":"2019-05-02T06:08:53","date_gmt":"2019-05-02T06:08:53","guid":{"rendered":"http:\/\/nieuw2019.pension-hunaustuben.com\/?page_id=133"},"modified":"2024-11-20T20:49:40","modified_gmt":"2024-11-20T20:49:40","slug":"wandelen","status":"publish","type":"page","link":"https:\/\/www.pension-hunaustuben.com\/nl\/wandelen\/","title":{"rendered":"Wandelen"},"content":{"rendered":"<div class=\"wp-block-image\">\n<figure class=\"alignright is-resized\"><img loading=\"lazy\" decoding=\"async\" width=\"300\" height=\"200\" src=\"http:\/\/nieuw2019.pension-hunaustuben.com\/wp-content\/uploads\/2019\/05\/hollenmarsch12-300x200.jpg\" alt=\"\" class=\"wp-image-175\" style=\"width:343px;height:228px\" srcset=\"https:\/\/www.pension-hunaustuben.com\/wp-content\/uploads\/2019\/05\/hollenmarsch12-300x200.jpg 300w, https:\/\/www.pension-hunaustuben.com\/wp-content\/uploads\/2019\/05\/hollenmarsch12-768x511.jpg 768w, https:\/\/www.pension-hunaustuben.com\/wp-content\/uploads\/2019\/05\/hollenmarsch12-526x350.jpg 526w, https:\/\/www.pension-hunaustuben.com\/wp-content\/uploads\/2019\/05\/hollenmarsch12-150x100.jpg 150w, https:\/\/www.pension-hunaustuben.com\/wp-content\/uploads\/2019\/05\/hollenmarsch12.jpg 800w\" sizes=\"auto, (max-width: 300px) 100vw, 300px\" \/><figcaption class=\"wp-element-caption\">Wandelen in B\u00f6defeld<\/figcaption><\/figure>\n<\/div>\n\n\n<p>Wandern in W\u00e4ldern, \u00fcber Berge und durch T\u00e4ler, entlang gr\u00fcner Wiesen und idyllischen D\u00f6rfer. Die Landschaft des Sauerlandes bietet unendliche M\u00f6glichkeiten f\u00fcr Wanderer.<br><\/p>\n\n\n\n<p>In B\u00f6defeld sind die Wanderwege sehr gut ausgeschildert. Es gibt viele M\u00f6glichkeiten f\u00fcr eine sch\u00f6ne Wanderung, jedes Niveau hat verschiedene Wanderwege. Sie k\u00f6nnen auch eine der vielen gr\u00f6\u00dferen Wandertouren wandern wie: Der Rothaarsteig, der Sauerl\u00e4nder-H\u00f6henflug, der Waldskulpturenweg und die Sauerl\u00e4nder-Waldroute.<br><\/p>\n\n\n\n<p>Wandern im Sauerland, ist die sch\u00f6ne Natur erleben, die Natur genie\u00dfen und von unserem guten Service genie\u00dfen damit Sie sich um nichts k\u00fcmmern m\u00fcssen.<\/p>\n\n\n\n<p>Wij helpen u graag bij het vinden van een passende wandelroute.<\/p>\n\n\n\n<p><\/p>\n\n\n\n<h4 class=\"wp-block-heading\">Wandelroutes in B\u00f6defeld<\/h4>\n\n\n\n<figure class=\"wp-block-gallery has-nested-images columns-default is-cropped wp-block-gallery-1 is-layout-flex wp-block-gallery-is-layout-flex\">\n<figure class=\"wp-block-image size-large\"><img loading=\"lazy\" decoding=\"async\" width=\"720\" height=\"960\" data-id=\"179\" src=\"https:\/\/www.pension-hunaustuben.com\/wp-content\/uploads\/2019\/05\/Presentatie2.jpg\" alt=\"\" class=\"wp-image-179\" srcset=\"https:\/\/www.pension-hunaustuben.com\/wp-content\/uploads\/2019\/05\/Presentatie2.jpg 720w, https:\/\/www.pension-hunaustuben.com\/wp-content\/uploads\/2019\/05\/Presentatie2-225x300.jpg 225w, https:\/\/www.pension-hunaustuben.com\/wp-content\/uploads\/2019\/05\/Presentatie2-263x350.jpg 263w, https:\/\/www.pension-hunaustuben.com\/wp-content\/uploads\/2019\/05\/Presentatie2-113x150.jpg 113w\" sizes=\"auto, (max-width: 720px) 100vw, 720px\" \/><figcaption class=\"wp-element-caption\">Freiheitspfad B7<\/figcaption><\/figure>\n\n\n\n<figure class=\"wp-block-image size-large\"><img loading=\"lazy\" decoding=\"async\" width=\"720\" height=\"960\" data-id=\"176\" src=\"https:\/\/www.pension-hunaustuben.com\/wp-content\/uploads\/2019\/05\/Hollenpfad01.jpg\" alt=\"\" class=\"wp-image-176\" srcset=\"https:\/\/www.pension-hunaustuben.com\/wp-content\/uploads\/2019\/05\/Hollenpfad01.jpg 720w, https:\/\/www.pension-hunaustuben.com\/wp-content\/uploads\/2019\/05\/Hollenpfad01-225x300.jpg 225w, https:\/\/www.pension-hunaustuben.com\/wp-content\/uploads\/2019\/05\/Hollenpfad01-263x350.jpg 263w, https:\/\/www.pension-hunaustuben.com\/wp-content\/uploads\/2019\/05\/Hollenpfad01-113x150.jpg 113w\" sizes=\"auto, (max-width: 720px) 100vw, 720px\" \/><figcaption class=\"wp-element-caption\">Hollenpfad B5<\/figcaption><\/figure>\n\n\n\n<figure class=\"wp-block-image size-large\"><img loading=\"lazy\" decoding=\"async\" width=\"720\" height=\"960\" data-id=\"174\" src=\"https:\/\/www.pension-hunaustuben.com\/wp-content\/uploads\/2019\/05\/B\u00f6defelder-Pilgerpfad.jpg\" alt=\"\" class=\"wp-image-174\" srcset=\"https:\/\/www.pension-hunaustuben.com\/wp-content\/uploads\/2019\/05\/B\u00f6defelder-Pilgerpfad.jpg 720w, https:\/\/www.pension-hunaustuben.com\/wp-content\/uploads\/2019\/05\/B\u00f6defelder-Pilgerpfad-225x300.jpg 225w, https:\/\/www.pension-hunaustuben.com\/wp-content\/uploads\/2019\/05\/B\u00f6defelder-Pilgerpfad-263x350.jpg 263w, https:\/\/www.pension-hunaustuben.com\/wp-content\/uploads\/2019\/05\/B\u00f6defelder-Pilgerpfad-113x150.jpg 113w\" sizes=\"auto, (max-width: 720px) 100vw, 720px\" \/><figcaption class=\"wp-element-caption\">Pilgerpfad B6<\/figcaption><\/figure>\n<\/figure>","protected":false},"excerpt":{"rendered":"<p>Wandern in W\u00e4ldern, \u00fcber Berge und durch T\u00e4ler, entlang gr\u00fcner Wiesen und idyllischen D\u00f6rfer. Die Landschaft des Sauerlandes bietet unendliche M\u00f6glichkeiten f\u00fcr Wanderer. In B\u00f6defeld sind die Wanderwege sehr gut ausgeschildert. Es gibt viele M\u00f6glichkeiten f\u00fcr eine sch\u00f6ne Wanderung, jedes Niveau hat verschiedene Wanderwege. Sie k\u00f6nnen auch eine der vielen&#8230; <a class=\"continue-reading-link\" href=\"https:\/\/www.pension-hunaustuben.com\/nl\/wandelen\/\">meer lezen<\/a><\/p>","protected":false},"author":1,"featured_media":0,"parent":0,"menu_order":0,"comment_status":"closed","ping_status":"closed","template":"","meta":{"footnotes":""},"class_list":["post-133","page","type-page","status-publish","hentry"],"_links":{"self":[{"href":"https:\/\/www.pension-hunaustuben.com\/nl\/wp-json\/wp\/v2\/pages\/133","targetHints":{"allow":["GET"]}}],"collection":[{"href":"https:\/\/www.pension-hunaustuben.com\/nl\/wp-json\/wp\/v2\/pages"}],"about":[{"href":"https:\/\/www.pension-hunaustuben.com\/nl\/wp-json\/wp\/v2\/types\/page"}],"author":[{"embeddable":true,"href":"https:\/\/www.pension-hunaustuben.com\/nl\/wp-json\/wp\/v2\/users\/1"}],"replies":[{"embeddable":true,"href":"https:\/\/www.pension-hunaustuben.com\/nl\/wp-json\/wp\/v2\/comments?post=133"}],"version-history":[{"count":16,"href":"https:\/\/www.pension-hunaustuben.com\/nl\/wp-json\/wp\/v2\/pages\/133\/revisions"}],"predecessor-version":[{"id":1225,"href":"https:\/\/www.pension-hunaustuben.com\/nl\/wp-json\/wp\/v2\/pages\/133\/revisions\/1225"}],"wp:attachment":[{"href":"https:\/\/www.pension-hunaustuben.com\/nl\/wp-json\/wp\/v2\/media?parent=133"}],"curies":[{"name":"wp","href":"https:\/\/api.w.org\/{rel}","templated":true}]}}