{"id":1255,"date":"2026-01-05T19:20:23","date_gmt":"2026-01-05T19:20:23","guid":{"rendered":"https:\/\/www.pension-hunaustuben.com\/?page_id=1255"},"modified":"2026-01-05T19:26:59","modified_gmt":"2026-01-05T19:26:59","slug":"overnachten-met-kinderen","status":"publish","type":"page","link":"https:\/\/www.pension-hunaustuben.com\/nl\/overnachten-met-kinderen\/","title":{"rendered":"Overnachten met kinderen"},"content":{"rendered":"<h3 class=\"wp-block-heading\">Kinderen &amp; Overnachting - Belangrijke informatie voor families<\/h3>\n\n\n\n<p class=\"translation-block\">Wij krijgen regelmatig de vraag of kinderen bij de ouders in bed mogen slapen.\nDit is in onze pension niet toegestaan.<\/p>\n\n\n<div class=\"wp-block-image\">\n<figure class=\"alignright size-large is-resized\"><img loading=\"lazy\" decoding=\"async\" width=\"1024\" height=\"1024\" src=\"https:\/\/www.pension-hunaustuben.com\/wp-content\/uploads\/2026\/01\/Ontwerp-zonder-titel-1-1024x1024.jpg\" alt=\"\" class=\"wp-image-1260\" style=\"width:399px;height:auto\" srcset=\"https:\/\/www.pension-hunaustuben.com\/wp-content\/uploads\/2026\/01\/Ontwerp-zonder-titel-1-1024x1024.jpg 1024w, https:\/\/www.pension-hunaustuben.com\/wp-content\/uploads\/2026\/01\/Ontwerp-zonder-titel-1-300x300.jpg 300w, https:\/\/www.pension-hunaustuben.com\/wp-content\/uploads\/2026\/01\/Ontwerp-zonder-titel-1-150x150.jpg 150w, https:\/\/www.pension-hunaustuben.com\/wp-content\/uploads\/2026\/01\/Ontwerp-zonder-titel-1-768x768.jpg 768w, https:\/\/www.pension-hunaustuben.com\/wp-content\/uploads\/2026\/01\/Ontwerp-zonder-titel-1-1536x1536.jpg 1536w, https:\/\/www.pension-hunaustuben.com\/wp-content\/uploads\/2026\/01\/Ontwerp-zonder-titel-1-2048x2048.jpg 2048w, https:\/\/www.pension-hunaustuben.com\/wp-content\/uploads\/2026\/01\/Ontwerp-zonder-titel-1-12x12.jpg 12w\" sizes=\"auto, (max-width: 1024px) 100vw, 1024px\" \/><\/figure>\n<\/div>\n\n\n<p class=\"translation-block\">Kinderen tot en met 2 jaar mogen gratis op de kamer van de ouders verblijven.\nVanaf 3 jaar is een eigen bed verplicht, vanwege verzekeringstechnische en brandveiligheidsredenen. Dit kan een zelf meegebracht kinderbed (na overleg) zijn of een bed in \u00e9\u00e9n van onze kamers.<\/p>\n\n\n\n<p class=\"translation-block\">Om veiligheidsredenen is het niet toegestaan dat kinderen zonder boeking in het bed van de ouders slapen.<\/p>\n\n\n\n<p class=\"translation-block\">Voor gezinnen bieden wij familiekamers en 3-persoonskamers, ideaal voor een comfortabel verblijf met kinderen. Als familiaal gerunde pension met meer dan 18 jaar ervaring heten wij gezinnen van harte welkom en zorgen wij ervoor dat kinderkamers altijd direct naast of nabij de ouderkamer liggen.<\/p>\n\n\n\n<p>Heeft u vragen? Neem gerust contact met ons op \u2013 wij denken graag met u mee.<\/p>\n\n\n\n<p><\/p>","protected":false},"excerpt":{"rendered":"<p>Kinder &amp; \u00dcbernachtung \u2013 Wichtige Informationen f\u00fcr Familien Wir erhalten regelm\u00e4\u00dfig die Frage, ob Kinder im Bett der Eltern schlafen d\u00fcrfen.Dies ist in unserer Pension nicht gestattet. Kinder bis einschlie\u00dflich 2 Jahre d\u00fcrfen kostenfrei im Zimmer der Eltern \u00fcbernachten.Ab dem 3. Lebensjahr ist aus versicherungs- und brandschutzrechtlichen Gr\u00fcnden ein eigenes&#8230; <a class=\"continue-reading-link\" href=\"https:\/\/www.pension-hunaustuben.com\/nl\/overnachten-met-kinderen\/\">meer lezen<\/a><\/p>","protected":false},"author":1,"featured_media":0,"parent":0,"menu_order":0,"comment_status":"closed","ping_status":"closed","template":"","meta":{"footnotes":""},"class_list":["post-1255","page","type-page","status-publish","hentry"],"_links":{"self":[{"href":"https:\/\/www.pension-hunaustuben.com\/nl\/wp-json\/wp\/v2\/pages\/1255","targetHints":{"allow":["GET"]}}],"collection":[{"href":"https:\/\/www.pension-hunaustuben.com\/nl\/wp-json\/wp\/v2\/pages"}],"about":[{"href":"https:\/\/www.pension-hunaustuben.com\/nl\/wp-json\/wp\/v2\/types\/page"}],"author":[{"embeddable":true,"href":"https:\/\/www.pension-hunaustuben.com\/nl\/wp-json\/wp\/v2\/users\/1"}],"replies":[{"embeddable":true,"href":"https:\/\/www.pension-hunaustuben.com\/nl\/wp-json\/wp\/v2\/comments?post=1255"}],"version-history":[{"count":3,"href":"https:\/\/www.pension-hunaustuben.com\/nl\/wp-json\/wp\/v2\/pages\/1255\/revisions"}],"predecessor-version":[{"id":1263,"href":"https:\/\/www.pension-hunaustuben.com\/nl\/wp-json\/wp\/v2\/pages\/1255\/revisions\/1263"}],"wp:attachment":[{"href":"https:\/\/www.pension-hunaustuben.com\/nl\/wp-json\/wp\/v2\/media?parent=1255"}],"curies":[{"name":"wp","href":"https:\/\/api.w.org\/{rel}","templated":true}]}}