{"id":100,"date":"2019-05-01T20:44:04","date_gmt":"2019-05-01T20:44:04","guid":{"rendered":"http:\/\/nieuw2019.pension-hunaustuben.com\/?page_id=100"},"modified":"2020-10-07T17:34:06","modified_gmt":"2020-10-07T17:34:06","slug":"privacy-verklaring","status":"publish","type":"page","link":"https:\/\/www.pension-hunaustuben.com\/nl\/privacy-verklaring\/","title":{"rendered":"Gegevensbescherming"},"content":{"rendered":"<h1 class=\"wp-block-heading\"><strong>Gegevensbescherming<\/strong><\/h1>\n\n\n\n<p>Der Schutz Ihrer pers\u00f6nlichen Daten ist uns ein besonderes Anliegen. \nWir verarbeiten Ihre Daten daher ausschlie\u00dflich auf Grundlage der \ngesetzlichen Bestimmungen (EU-DSGVO). In diesen Datenschutzinformationen\n informieren wir Sie \u00fcber die wichtigsten Aspekte der Datenverarbeitung \nim Rahmen unserer Website.<\/p>\n\n\n\n<p><strong>Kontakt mit uns<\/strong><\/p>\n\n\n\n<p>Wenn Sie per Formular auf der Website oder per E-Mail Kontakt mit uns\n aufnehmen, werden Ihre angegebenen Daten zwecks Bearbeitung der Anfrage\n und f\u00fcr den Fall von Anschlussfragen bei uns gespeichert. Diese Daten \ngeben wir nicht ohne Ihre Einwilligung weiter.<\/p>\n\n\n\n<p><strong>Cookies<\/strong><\/p>\n\n\n\n<p>Unsere Website verwendet so genannte Cookies. Dabei handelt es sich \num kleine Textdateien, die mit Hilfe des Browsers auf Ihrem Endger\u00e4t \nabgelegt werden. Sie richten keinen Schaden an.<\/p>\n\n\n\n<p>Wir nutzen Cookies dazu, unser Angebot nutzerfreundlich zu gestalten.\n Einige Cookies bleiben auf Ihrem Endger\u00e4t gespeichert, bis Sie diese \nl\u00f6schen. Sie erm\u00f6glichen es uns, Ihren Browser beim n\u00e4chsten Besuch \nwiederzuerkennen.<\/p>\n\n\n\n<p>Wenn Sie dies nicht w\u00fcnschen, so k\u00f6nnen Sie Ihren Browser so \neinrichten, dass er Sie \u00fcber das Setzen von Cookies informiert und Sie \ndies nur im Einzelfall erlauben.<\/p>\n\n\n\n<p>Bei der Deaktivierung von Cookies kann die Funktionalit\u00e4t unserer Website eingeschr\u00e4nkt sein.<\/p>\n\n\n\n<p><strong>Web-Analyse<\/strong><\/p>\n\n\n\n<p>Unsere Website verwendet Funktionen des Webanalysedienstes Google \nAnalitics, Anbieter ist die Google Inc. 1600 Amphitheatre Parkway \nMountain View, CA 94043, USA.. Dazu werden Cookies verwendet, die eine \nAnalyse der Benutzung der Website durch Ihre Benutzer erm\u00f6glicht. Die \ndadurch erzeugten Informationen werden auf den Server des Anbieters \n\u00fcbertragen und dort gespeichert. Sie k\u00f6nnen dies verhindern, indem Sie \nIhren Browser so einrichten, dass keine Cookies gespeichert werden.<\/p>\n\n\n\n<p>Wir haben mit dem Anbieter einen entsprechenden Vertrag zur Auftragsdatenverarbeitung abgeschlossen.<\/p>\n\n\n\n<p><strong>Newsletter<\/strong><\/p>\n\n\n\n<p>Sie haben die M\u00f6glichkeit, \u00fcber unsere Website unseren Newsletter zu \nabonnieren. Hierf\u00fcr ben\u00f6tigen wir Ihre E-Mail-Adresse. Durch Ihre \nAnmeldung erkl\u00e4ren Sie sich damit einverstanden, dass wir deine \nE-Mail-Adresse benutzen d\u00fcrfen und dass Sie mit dem Bezug des \nNewsletters einverstanden sind.<\/p>\n\n\n\n<p><strong>Twitter<\/strong><\/p>\n\n\n\n<p>Wir haben in unsere Seite ein \n\u201eTwitter-Widget\u201c eingebunden, um Tweets unseres Twitter-Accounts \nanzuzeigen. Daf\u00fcr wird eine Verbindung zu Twitter aufgebaut. Dabei \nwerden Log-Daten an Twitter \u00fcbermittelt sowie ein Cookie auf Ihrem \nRechner gesetzt. Nach eigenen Angaben beginnt Twitter nach maximal 10 \nTagen mit dem L\u00f6schen, Aufheben der Identifizierung oder Erfassen der \ndieser Daten; dies soll normalerweise sofort erfolgen, kann jedoch bis \nzu einer Woche dauern. Weitere Informationen hierzu finden Sie unter \n\u2013&gt; <a href=\"https:\/\/twitter.com\/privacy?lang=de#widget-jump.\" target=\"_blank\" rel=\"noreferrer noopener\">Twitter Datenschutzrichtlinie<\/a><\/p>\n\n\n\n<p><strong>Facebook<\/strong><\/p>\n\n\n\n<p>Auf unseren Seiten sind Plugins des \nsozialen Netzwerks Facebook, Anbieter Facebook Inc., 1 Hacker Way, Menlo\n Park, California 94025, USA, integriert. Die Facebook-Plugins erkennen \nSie an dem Facebook-Logo oder dem \u201cLike-Button\u201d (\u201cGef\u00e4llt mir\u201d) auf \nunserer Seite. Eine \u00dcbersicht \u00fcber die Facebook-Plugins finden Sie hier:\n http:\/\/developers.facebook.com\/docs\/plugins\/.<\/p>\n\n\n\n<p>Wenn Sie unsere Seiten besuchen, wird \u00fcber das Plugin eine direkte \nVerbindung zwischen Ihrem Browser und dem Facebook-Server hergestellt. \nFacebook erh\u00e4lt dadurch die Information, dass Sie mit Ihrer IP-Adresse \nunsere Seite besucht haben. Wenn Sie den Facebook \u201cLike-Button\u201d \nanklicken w\u00e4hrend Sie in Ihrem Facebook-Account eingeloggt sind, k\u00f6nnen \nSie die Inhalte unserer Seiten auf Ihrem Facebook-Profil verlinken. \nDadurch kann Facebook den Besuch unserer Seiten Ihrem Benutzerkonto \nzuordnen. Wir weisen darauf hin, dass wir als Anbieter der Seiten keine \nKenntnis vom Inhalt der \u00fcbermittelten Daten sowie deren Nutzung durch \nFacebook erhalten. Weitere Informationen hierzu finden Sie in der \nDatenschutzerkl\u00e4rung von Facebook unter <a href=\"http:\/\/de-de.facebook.com\/policy.php.\" target=\"_blank\" rel=\"noreferrer noopener\">http:\/\/de-de.facebook.com\/policy.php.<\/a><\/p>\n\n\n\n<p>Wenn Sie nicht w\u00fcnschen, dass Facebook den Besuch unserer Seiten \nIhrem Facebook- Nutzerkonto zuordnen kann, loggen Sie sich bitte aus \nIhrem Facebook-Benutzerkonto aus.<\/p>\n\n\n\n<p><strong>Ihre Rechte<\/strong><\/p>\n\n\n\n<p>Ihnen stehen grunds\u00e4tzlich die Rechte auf Auskunft, Berichtigung, \nL\u00f6schung, Einschr\u00e4nkung, Daten\u00fcbertragbarkeit, Widerruf und Widerspruch \nzu. Wenn Sie glauben, dass die Verarbeitung Ihrer Daten gegen das \nDatenschutzrecht verst\u00f6\u00dft oder Ihre datenschutzrechtlichen Anspr\u00fcche \nsonst in einer Weise verletzt worden sind, k\u00f6nnen Sie sich bei der \nAufsichtsbeh\u00f6rde der Stadt Schmallenberg beschweren.<\/p>\n\n\n\n<p><strong>Sie erreichen uns unter folgenden Kontaktdaten:<\/strong><\/p>\n\n\n\n<p>Steven und Willemein De Rudder<\/p>\n\n\n\n<p>Hunaustrasse 21<\/p>\n\n\n\n<p>D-57392 Schmallenberg-B\u00f6defeld<\/p>\n\n\n\n<p>0049-2977-709840<\/p>\n\n\n\n<p>info@pension-hunaustuben.com<\/p>","protected":false},"excerpt":{"rendered":"<p>Datenschutzerkl\u00e4rung Der Schutz Ihrer pers\u00f6nlichen Daten ist uns ein besonderes Anliegen. Wir verarbeiten Ihre Daten daher ausschlie\u00dflich auf Grundlage der gesetzlichen Bestimmungen (EU-DSGVO). In diesen Datenschutzinformationen informieren wir Sie \u00fcber die wichtigsten Aspekte der Datenverarbeitung im Rahmen unserer Website. Kontakt mit uns Wenn Sie per Formular auf der Website oder&#8230; <a class=\"continue-reading-link\" href=\"https:\/\/www.pension-hunaustuben.com\/nl\/privacy-verklaring\/\">meer lezen<\/a><\/p>","protected":false},"author":1,"featured_media":0,"parent":0,"menu_order":0,"comment_status":"closed","ping_status":"closed","template":"","meta":{"footnotes":""},"class_list":["post-100","page","type-page","status-publish","hentry"],"_links":{"self":[{"href":"https:\/\/www.pension-hunaustuben.com\/nl\/wp-json\/wp\/v2\/pages\/100","targetHints":{"allow":["GET"]}}],"collection":[{"href":"https:\/\/www.pension-hunaustuben.com\/nl\/wp-json\/wp\/v2\/pages"}],"about":[{"href":"https:\/\/www.pension-hunaustuben.com\/nl\/wp-json\/wp\/v2\/types\/page"}],"author":[{"embeddable":true,"href":"https:\/\/www.pension-hunaustuben.com\/nl\/wp-json\/wp\/v2\/users\/1"}],"replies":[{"embeddable":true,"href":"https:\/\/www.pension-hunaustuben.com\/nl\/wp-json\/wp\/v2\/comments?post=100"}],"version-history":[{"count":3,"href":"https:\/\/www.pension-hunaustuben.com\/nl\/wp-json\/wp\/v2\/pages\/100\/revisions"}],"predecessor-version":[{"id":637,"href":"https:\/\/www.pension-hunaustuben.com\/nl\/wp-json\/wp\/v2\/pages\/100\/revisions\/637"}],"wp:attachment":[{"href":"https:\/\/www.pension-hunaustuben.com\/nl\/wp-json\/wp\/v2\/media?parent=100"}],"curies":[{"name":"wp","href":"https:\/\/api.w.org\/{rel}","templated":true}]}}