{"id":700,"date":"2021-02-18T13:04:03","date_gmt":"2021-02-18T13:04:03","guid":{"rendered":"https:\/\/www.pension-hunaustuben.com\/?page_id=700"},"modified":"2023-09-01T07:29:44","modified_gmt":"2023-09-01T07:29:44","slug":"allgemeinegeschaftsbedingungen","status":"publish","type":"page","link":"https:\/\/www.pension-hunaustuben.com\/de\/allgemeinegeschaftsbedingungen\/","title":{"rendered":"Allgemeine Gesch\u00e4ftsbedingungen"},"content":{"rendered":"\n<p> <\/p>\n\n\n\n<div class=\"wp-block-file\"><a id=\"wp-block-file--media-bfdeb495-dd3c-458e-ae40-464475ccfb3b\" href=\"https:\/\/www.pension-hunaustuben.com\/wp-content\/uploads\/2023\/09\/AGBH-2019-LV-Deutschland.pdf\">Allgemeine Gesch\u00e4ftsbedingungen f\u00fcr den Hotelaufnahmevertrag<\/a><a href=\"https:\/\/www.pension-hunaustuben.com\/wp-content\/uploads\/2023\/09\/AGBH-2019-LV-Deutschland.pdf\" class=\"wp-block-file__button wp-element-button\" download aria-describedby=\"wp-block-file--media-bfdeb495-dd3c-458e-ae40-464475ccfb3b\">AGB Herunterladen<\/a><\/div>\n\n\n\n<p>ALLGEMEINE GESCH\u00c4FTSBEDINGUNGEN F\u00dcR DEN HOTELAUFNAHMEVERTRAG<br>1 GELTUNGSBEREICH<br>1.1 Diese Gesch\u00e4ftsbedingungen gelten f\u00fcr Vertr\u00e4ge \u00fcber die mietweise \u00dcberlassung von Hotelzimmern zur Beherbergung sowie alle in diesem Zusammenhang f\u00fcr den Kunden erbrachten weiteren Leistungen und Lieferungen des Hotels (Hotelaufnahmevertrag). Der Begriff \u201eHotelaufnahmevertrag\u201c umfasst und ersetzt folgende Begriffe: Beherbergungs-, Gastaufnahme-, Hotel-, Hotelzimmervertrag.<br>1.2 Die Unter- oder Weitervermietung der \u00fcberlassenen Zimmer sowie deren Nutzung zu anderen als Be-<br>herbergungszwecken bed\u00fcrfen der vorherigen Zustimmung des Hotels in Textform, wobei \u00a7 540 Absatz<br>1 Satz 2 BGB abbedungen wird, soweit der Kunde nicht Verbraucher im Sinne von \u00a7 13 BGB ist.<br>1.3 Allgemeine Gesch\u00e4ftsbedingungen des Kunden finden nur Anwendung, wenn dies vorher ausdr\u00fccklich in Textform vereinbart wurde.<br><br>2 VERTRAGSABSCHLUSS, &#8211; PARTNER, VERJ\u00c4HRUNG<br>2.1 Vertragspartner sind das Hotel und der Kunde. Der Vertrag kommt durch die Annahme des Antrags des Kunden durch das Hotel zustande. Dem Hotel steht es frei, die Zimmerbuchung in Textform zu best\u00e4tigen.<br>2.2 Alle Anspr\u00fcche gegen das Hotel verj\u00e4hren grunds\u00e4tzlich in einem Jahr ab dem gesetzlichen Verj\u00e4h-<br>rungsbeginn. Dies gilt nicht bei Schadensersatzanspr\u00fcchen und bei sonstigen Anspr\u00fcchen, sofern letzte-<br>re auf einer vors\u00e4tzlichen oder grob fahrl\u00e4ssigen Pflichtverletzung des Hotels beruhen.<br>3 LEISTUNGEN, PREISE, ZAHLUNG, AUFRECHNUNG<br>3.1 Das Hotel ist verpflichtet, die vom Kunden gebuchten Zimmer bereitzuhalten und die vereinbarten Leistungen zu erbringen.<br>3.2 Der Kunde ist verpflichtet, die f\u00fcr die Zimmer\u00fcberlassung und die von ihm in Anspruch genommenen<br>weiteren Leistungen vereinbarten bzw. geltenden Preise des Hotels zu zahlen. Dies gilt auch f\u00fcr vom<br>Kunden direkt oder \u00fcber das Hotel beauftragte Leistungen, die durch Dritte erbracht und vom Hotel ver-<br>auslagt werden.<br>3.3 Die vereinbarten Preise verstehen sich einschlie\u00dflich der zum Zeitpunkt des Vertragsschlusses gelten-<br>den Steuern und lokalen Abgaben. Nicht enthalten sind lokale Abgaben, die nach dem jeweiligen Kom-<br>munalrecht vom Gast selbst geschuldet sind, wie zum Beispiel Kurtaxe.<br>Bei \u00c4nderung der gesetzlichen Umsatzsteuer oder der Neueinf\u00fchrung, \u00c4nderung oder Abschaffung loka-<br>ler Abgaben auf den Leistungsgegenstand nach Vertragsschluss werden die Preise entsprechend ange-<br>passt. Bei Vertr\u00e4gen mit Verbrauchern gilt dieses nur, wenn der Zeitraum zwischen Vertragsabschluss<br>und Vertragserf\u00fcllung vier Monate \u00fcberschreitet.<br>3.4 Das Hotel kann seine Zustimmung zu einer vom Kunden gew\u00fcnschten nachtr\u00e4glichen Verringerung der Anzahl der gebuchten Zimmer, der Leistung des Hotels oder der Aufenthaltsdauer des Kunden davon<br>abh\u00e4ngig machen, dass sich der Preis f\u00fcr die Zimmer und\/oder f\u00fcr die sonstigen Leistungen des Hotels<br>angemessen erh\u00f6ht.<br>3.5 Rechnungen des Hotels sind sofort nach Zugang ohne Abzug zur Zahlung f\u00e4llig. Wurde Zahlung auf<br>Rechnung vereinbart, so hat die Zahlung \u2013 vorbehaltlich einer abweichenden Vereinbarung \u2013 binnen<br>zehn Tagen ab Zugang der Rechnung ohne Abzug zu erfolgen.<br>3.6 Das Hotel ist berechtigt, bei Vertragsschluss vom Kunden eine angemessene Vorauszahlung oder Si-<br>cherheitsleistung, zum Beispiel in Form einer Kreditkartengarantie, zu verlangen. Die H\u00f6he der Voraus-<br>zahlung und die Zahlungstermine k\u00f6nnen im Vertrag in Textform vereinbart werden. Bei Vorauszahlun-<br>gen oder Sicherheitsleistungen f\u00fcr Pauschalreisen bleiben die gesetzlichen Bestimmungen unber\u00fchrt.<br>Bei Zahlungsverzug des Kunden gelten die gesetzlichen Regelungen.<br>3.7 In begr\u00fcndeten F\u00e4llen, zum Beispiel Zahlungsr\u00fcckstand des Kunden oder Erweiterung des Vertragsumfanges, ist das Hotel berechtigt, auch nach Vertragsschluss bis zu Beginn des Aufenthaltes eine Vorauszahlung oder Sicherheitsleistung im Sinne vorstehender Ziffer 3.6 oder eine Anhebung der im Vertrag vereinbarten Vorauszahlung oder Sicherheitsleistung bis zur vollen vereinbarten Verg\u00fctung zu verlangen.<br>3.8 Das Hotel ist ferner berechtigt, zu Beginn und w\u00e4hrend des Aufenthaltes vom Kunden eine angemessene Vorauszahlung oder Sicherheitsleistung im Sinne vorstehender Ziffer 3.6 f\u00fcr bestehende und k\u00fcnftige Forderungen aus dem Vertrag zu verlangen, soweit eine solche nicht bereits gem\u00e4\u00df vorstehender Ziffer 3.6 und\/oder Ziffer 3.7 geleistet wurde.<br>3.9 Der Kunde kann nur mit einer unstreitigen oder rechtskr\u00e4ftigen Forderung gegen\u00fcber einer Forderung<br>des Hotels aufrechnen oder verrechnen.<br>3.10 Der Kunde ist damit einverstanden, dass ihm die Rechnung auf elektronischem Weg \u00fcbermittelt werden kann.<br><br>4 R\u00dcCKTRITT DES KUNDEN (ABBESTELLUNG, STORNIERUNG)\/<br>NICHTINANSPRUCHNAHME DER LEISTUNGEN DES HOTELS (NO SHOW )<br>4.1 Ein R\u00fccktritt des Kunden von dem mit dem Hotel geschlossenen Vertrag ist nur m\u00f6glich, wenn ein R\u00fccktrittsrecht im Vertrag ausdr\u00fccklich vereinbart wurde, ein gesetzliches R\u00fccktrittsrecht besteht oder wenn das Hotel der Vertragsaufhebung ausdr\u00fccklich zustimmt.<br>4.2 Sofern zwischen dem Hotel und dem Kunden ein Termin zum kostenfreien R\u00fccktritt vom Vertrag vereinbart wurde, kann der Kunde bis dahin vom Vertrag zur\u00fccktreten, ohne Zahlungs- oder Schadensersatzanspr\u00fcche des Hotels auszul\u00f6sen.<br>4.3 Ist ein R\u00fccktrittsrecht nicht vereinbart oder bereits erloschen, besteht auch kein gesetzliches R\u00fccktritts- oder K\u00fcndigungsrecht und stimmt das Hotel einer Vertragsaufhebung nicht zu, beh\u00e4lt das Hotel den Anspruch auf die vereinbarte Verg\u00fctung trotz Nichtinanspruchnahme der Leistung. Das Hotel hat die Einnahmen aus anderweitiger Vermietung der Zimmer sowie die ersparten Aufwendungen anzurechnen.<br>Werden die Zimmer nicht anderweitig vermietet, so kann das Hotel den Abzug f\u00fcr ersparte Aufwendun-<br>gen pauschalieren. Der Kunde ist in diesem Fall verpflichtet, 90% des vertraglich vereinbarten Preises<br>f\u00fcr \u00dcbernachtung mit oder ohne Fr\u00fchst\u00fcck sowie f\u00fcr Pauschalarrangements mit Fremdleistungen, 70%<br>f\u00fcr Halbpensions- und 60% f\u00fcr Vollpensionsarrangements zu zahlen. Dem Kunden steht der Nachweis<br>frei, dass der vorgenannte Anspruch nicht oder nicht in der geforderten H\u00f6he entstanden ist.<br><br>5 R\u00dcCKTRITT DES HOTELS<br>5.1 Sofern vereinbart wurde, dass der Kunde innerhalb einer bestimmten Frist kostenfrei vom Vertrag zu-<br>r\u00fccktreten kann, ist das Hotel in diesem Zeitraum seinerseits berechtigt, vom Vertrag zur\u00fcckzutreten,<br>wenn Anfragen anderer Kunden nach den vertraglich gebuchten Zimmern vorliegen und der Kunde auf<br>R\u00fcckfrage des Hotels mit angemessener Fristsetzung auf sein Recht zum R\u00fccktritt nicht verzichtet. Dies<br>gilt entsprechend bei Einr\u00e4umung einer Option, wenn andere Anfragen vorliegen und der Kunde auf<br>R\u00fcckfrage des Hotels mit angemessener Fristsetzung nicht zur festen Buchung bereit ist.<br>5.2 Wird eine gem\u00e4\u00df Ziffer 3.6 und\/oder Ziffer 3.7 vereinbarte oder verlangte Vorauszahlung oder Sicher-<br>heitsleistung auch nach Verstreichen einer vom Hotel gesetzten angemessenen Nachfrist nicht geleistet,<br>so ist das Hotel ebenfalls zum R\u00fccktritt vom Vertrag berechtigt.<br>5.3 Ferner ist das Hotel berechtigt, aus sachlich gerechtfertigtem Grund vom Vertrag au\u00dferordentlich zu-<br>r\u00fcckzutreten, insbesondere falls;<br><br><\/p>\n\n\n\n<p>5.4 Der berechtigte R\u00fccktritt des Hotels begr\u00fcndet keinen Anspruch des Kunden auf Schadensersatz.<br><br>6 ZIMMERBEREITSTELLUNG, &#8211; \u00dcBERGABE UND &#8211; R\u00dcCKGABE<br>6.1 Der Kunde erwirbt keinen Anspruch auf die Bereitstellung bestimmter Zimmer, soweit dieses nicht ausdr\u00fccklich in Textform vereinbart wurde.<br>6.2 Gebuchte Zimmer stehen dem Kunden ab 15:00 Uhr des vereinbarten Anreisetages zur Verf\u00fcgung. Der Kunde hat keinen Anspruch auf fr\u00fchere Bereitstellung.<br>6.3 Am vereinbarten Abreisetag sind die Zimmer dem Hotel sp\u00e4testens um 12:00 Uhr ger\u00e4umt zur Verf\u00fc-<br>gung zu stellen. Danach kann das Hotel aufgrund der versp\u00e4teten R\u00e4umung des Zimmers f\u00fcr dessen<br>vertrags\u00fcberschreitende Nutzung bis 18:00 Uhr 50% des vollen Logispreises (Preis gem\u00e4\u00df Preisver-<br>zeichnis) in Rechnung stellen, ab 18:00 Uhr 90%. Vertragliche Anspr\u00fcche des Kunden werden hierdurch<br>nicht begr\u00fcndet. Ihm steht es frei nachzuweisen, dass dem Hotel kein oder ein wesentlich niedrigerer<br>Anspruch auf Nutzungsentgelt entstanden ist.<br><br>7 HAFTUNG DES HOTELS<br>7.1 Das Hotel haftet f\u00fcr von ihm zu vertretende Sch\u00e4den aus der Verletzung des Lebens, des K\u00f6rpers oder<br>der Gesundheit. Weiterhin haftet es f\u00fcr sonstige Sch\u00e4den, die auf einer vors\u00e4tzlichen oder grob fahrl\u00e4s-<br>sigen Pflichtverletzung des Hotels beziehungsweise auf einer vors\u00e4tzlichen oder fahrl\u00e4ssigen Verletzung<br>von vertragstypischen Pflichten des Hotels beruhen. Vertragstypische Pflichten sind solche Pflichten, die<br>die ordnungsgem\u00e4\u00dfe Durchf\u00fchrung des Vertrages erst erm\u00f6glichen und auf deren Erf\u00fcllung der Kunde<br>vertraut und vertrauen darf. Einer Pflichtverletzung des Hotels steht die eines gesetzlichen Vertreters<br>oder Erf\u00fcllungsgehilfen gleich. Weitergehende Schadensersatzanspr\u00fcche sind, soweit in dieser Ziffer 7<br>nicht anderweitig geregelt, ausgeschlossen. Sollten St\u00f6rungen oder M\u00e4ngel an den Leistungen des Ho-<br>tels auftreten, wird das Hotel bei Kenntnis oder auf unverz\u00fcgliche R\u00fcge des Kunden bem\u00fcht sein, f\u00fcr<br>Abhilfe zu sorgen. Der Kunde ist verpflichtet, das ihm Zumutbare beizutragen, um die St\u00f6rung zu behe-<br>ben und einen m\u00f6glichen Schaden gering zu halten.<br>7.2 F\u00fcr eingebrachte Sachen haftet das Hotel dem Kunden nach den gesetzlichen Bestimmungen. Das<br>Hotel empfiehlt die Nutzung des Hotel- oder Zimmersafes. Sofern der Kunde Geld, Wertpapiere und<br>Kostbarkeiten mit einem Wert von mehr als 800 Euro oder sonstige Sachen mit einem Wert von mehr als<br>3.500 Euro einzubringen w\u00fcnscht, bedarf dies einer gesonderten Aufbewahrungsvereinbarung mit dem<br>Hotel.<br>7.3 Soweit dem Kunden ein Stellplatz in der Hotelgarage oder auf dem Hotelparkplatz, auch gegen Entgelt, zur Verf\u00fcgung gestellt wird, kommt dadurch kein Verwahrungsvertrag zustande. Bei Abhandenkommen oder Besch\u00e4digung auf dem Hotelgrundst\u00fcck abgestellter oder rangierter Kraftfahrzeuge und deren Inhalte haftet das Hotel nur nach Ma\u00dfgabe der vorstehenden Ziffer 7.1, S\u00e4tze 1 bis 4.<br>7.4 Weckauftr\u00e4ge werden vom Hotel mit gr\u00f6\u00dfter Sorgfalt ausgef\u00fchrt.<br>Nachrichten f\u00fcr die Kunden werden mit Sorgfalt behandelt. Das Hotel kann nach vorheriger Absprache<br>mit dem Kunden die Annahme, Aufbewahrung und \u2013 auf Wunsch \u2013 gegen Entgelt die Nachsendung von<br>Post und Warensendungen \u00fcbernehmen. Das Hotel haftet hierbei nur nach Ma\u00dfgabe der vorstehenden<br>Ziffer 7.1, S\u00e4tze 1 bis 4.<br><br><\/p>\n\n\n\n<p>8 SCHLUSSBESTIMMUNGEN<br>8.1 \u00c4nderungen und Erg\u00e4nzungen des Vertrages, der Antragsannahme oder dieser Allgemeinen Gesch\u00e4ftsbedingungen sollen in Textform erfolgen. Einseitige \u00c4nderungen oder Erg\u00e4nzungen sind unwirksam.<br>8.2 Erf\u00fcllungs- und Zahlungsort sowie ausschlie\u00dflicher Gerichtsstand \u2013 auch f\u00fcr Scheck- und Wechselstreitigkeiten \u2013 ist im kaufm\u00e4nnischen Verkehr Urnshausen, Ortsteil Bernshausen. Sofern der Kunde die Voraussetzung des \u00a7 38 Absatz 2 ZPO erf\u00fcllt und keinen allgemeinen Gerichtsstand im Inland hat, gilt als Gerichtsstand Urnshausen, Ortsteil Bernshausen.<br>8.3 Es gilt deutsches Recht. Die Anwendung des UN-Kaufrechts ist ausgeschlossen.<br>8.4 Entsprechend der gesetzlichen Verpflichtung weist das Hotel darauf hin, dass die Europ\u00e4ische Union<br>eine Online-Plattform zur au\u00dfergerichtlichen Beilegung von verbraucherrechtlichen Streitigkeiten<br>(\u201eOS-Plattform\u201c) eingerichtet hat: http:\/\/ec.europa.eu\/consumers\/odr\/<br>Das Hotel nimmt jedoch nicht an Streitbeilegungsverfahren vor Verbraucherschlichtungsstellen teil.<\/p>\n\n\n\n<p><\/p>\n","protected":false},"excerpt":{"rendered":"<p>ALLGEMEINE GESCH\u00c4FTSBEDINGUNGEN F\u00dcR DEN HOTELAUFNAHMEVERTRAG1 GELTUNGSBEREICH1.1 Diese Gesch\u00e4ftsbedingungen gelten f\u00fcr Vertr\u00e4ge \u00fcber die mietweise \u00dcberlassung von Hotelzimmern zur Beherbergung sowie alle in diesem Zusammenhang f\u00fcr den Kunden erbrachten weiteren Leistungen und Lieferungen des Hotels (Hotelaufnahmevertrag). Der Begriff \u201eHotelaufnahmevertrag\u201c umfasst und ersetzt folgende Begriffe: Beherbergungs-, Gastaufnahme-, Hotel-, Hotelzimmervertrag.1.2 Die Unter- oder&#8230; <a class=\"continue-reading-link\" href=\"https:\/\/www.pension-hunaustuben.com\/de\/allgemeinegeschaftsbedingungen\/\">Mehr Lesen<\/a><\/p>\n","protected":false},"author":1,"featured_media":0,"parent":0,"menu_order":0,"comment_status":"closed","ping_status":"closed","template":"","meta":{"footnotes":""},"class_list":["post-700","page","type-page","status-publish","hentry"],"_links":{"self":[{"href":"https:\/\/www.pension-hunaustuben.com\/de\/wp-json\/wp\/v2\/pages\/700","targetHints":{"allow":["GET"]}}],"collection":[{"href":"https:\/\/www.pension-hunaustuben.com\/de\/wp-json\/wp\/v2\/pages"}],"about":[{"href":"https:\/\/www.pension-hunaustuben.com\/de\/wp-json\/wp\/v2\/types\/page"}],"author":[{"embeddable":true,"href":"https:\/\/www.pension-hunaustuben.com\/de\/wp-json\/wp\/v2\/users\/1"}],"replies":[{"embeddable":true,"href":"https:\/\/www.pension-hunaustuben.com\/de\/wp-json\/wp\/v2\/comments?post=700"}],"version-history":[{"count":3,"href":"https:\/\/www.pension-hunaustuben.com\/de\/wp-json\/wp\/v2\/pages\/700\/revisions"}],"predecessor-version":[{"id":1117,"href":"https:\/\/www.pension-hunaustuben.com\/de\/wp-json\/wp\/v2\/pages\/700\/revisions\/1117"}],"wp:attachment":[{"href":"https:\/\/www.pension-hunaustuben.com\/de\/wp-json\/wp\/v2\/media?parent=700"}],"curies":[{"name":"wp","href":"https:\/\/api.w.org\/{rel}","templated":true}]}}