{"id":218,"date":"2019-05-02T11:12:32","date_gmt":"2019-05-02T11:12:32","guid":{"rendered":"http:\/\/nieuw2019.pension-hunaustuben.com\/?page_id=218"},"modified":"2025-09-03T20:28:12","modified_gmt":"2025-09-03T20:28:12","slug":"kerst-arrangement","status":"publish","type":"page","link":"https:\/\/www.pension-hunaustuben.com\/de\/kerst-arrangement\/","title":{"rendered":"Weihnachten"},"content":{"rendered":"\n<p>&#x1f384; <strong>Weihnachten bei uns \u2013 Besinnlich, Gen\u00fcsslich, Unvergesslich<\/strong> &#x1f384;<\/p>\n\n\n\n<p>Verbringen Sie die festlichste Zeit des Jahres in entspannter Atmosph\u00e4re und lassen Sie sich rundum verw\u00f6hnen \u2013 mit unserem <strong>exklusiven Weihnachtsarrangement<\/strong> vom <strong>24. bis 27. Dezember<\/strong>.<\/p>\n\n\n\n<p><strong>Inklusive:<\/strong><\/p>\n\n\n\n<p>&#x2615; Herzliches Willkommen mit Kaffee &amp; Kuchen bei der Anreise<br>&#x1f6cf;&#xfe0f; 3 \u00dcbernachtungen in gem\u00fctlicher Unterkunft<br>&#x1f373; 3x reichhaltiges Fr\u00fchst\u00fcck<br>&#x1f37d;&#xfe0f; 1x festliches Buffet am Anreisetag<br>&#x1f384; 1x exquisites 5-G\u00e4nge-Men\u00fc am 1. Weihnachtstag<br>&#x2728; 1x k\u00f6stliches 3-G\u00e4nge-Dinner am 2. Weihnachtstag mit anschlie\u00dfender <strong>romantischer Fackelwanderung<\/strong><\/p>\n\n\n\n<p><strong>Ab nur \u20ac249,- pro Person<\/strong><\/p>\n\n\n\n<p>&#x1f4cc; Dieses besondere Angebot ist <strong>ausschlie\u00dflich direkt bei uns buchbar<\/strong> \u2013 sichern Sie sich rechtzeitig Ihren Platz und genie\u00dfen Sie Weihnachten, wie es sein sollte: entspannt, k\u00f6stlich und voller besonderer Momente.<\/p>\n\n\n\n<p>&#x1f449; Jetzt anfragen &amp; buchen!<\/p>\n\n\n\n<figure class=\"wp-block-gallery has-nested-images columns-default is-cropped wp-block-gallery-1 is-layout-flex wp-block-gallery-is-layout-flex\">\n<figure class=\"wp-block-image size-large\"><img loading=\"lazy\" decoding=\"async\" width=\"960\" height=\"720\" data-id=\"523\" src=\"https:\/\/www.pension-hunaustuben.com\/wp-content\/uploads\/2020\/03\/15822733_1281890018524901_1564814486923332571_n.jpg\" alt=\"\" class=\"wp-image-523\" srcset=\"https:\/\/www.pension-hunaustuben.com\/wp-content\/uploads\/2020\/03\/15822733_1281890018524901_1564814486923332571_n.jpg 960w, https:\/\/www.pension-hunaustuben.com\/wp-content\/uploads\/2020\/03\/15822733_1281890018524901_1564814486923332571_n-300x225.jpg 300w, https:\/\/www.pension-hunaustuben.com\/wp-content\/uploads\/2020\/03\/15822733_1281890018524901_1564814486923332571_n-768x576.jpg 768w, https:\/\/www.pension-hunaustuben.com\/wp-content\/uploads\/2020\/03\/15822733_1281890018524901_1564814486923332571_n-467x350.jpg 467w, https:\/\/www.pension-hunaustuben.com\/wp-content\/uploads\/2020\/03\/15822733_1281890018524901_1564814486923332571_n-150x113.jpg 150w\" sizes=\"auto, (max-width: 960px) 100vw, 960px\" \/><figcaption class=\"wp-element-caption\">Buffet<\/figcaption><\/figure>\n\n\n\n<figure class=\"wp-block-image size-large\"><img loading=\"lazy\" decoding=\"async\" width=\"768\" height=\"1024\" data-id=\"525\" src=\"https:\/\/www.pension-hunaustuben.com\/wp-content\/uploads\/2020\/03\/20191225_185830-768x1024.jpg\" alt=\"\" class=\"wp-image-525\" srcset=\"https:\/\/www.pension-hunaustuben.com\/wp-content\/uploads\/2020\/03\/20191225_185830-768x1024.jpg 768w, https:\/\/www.pension-hunaustuben.com\/wp-content\/uploads\/2020\/03\/20191225_185830-225x300.jpg 225w, https:\/\/www.pension-hunaustuben.com\/wp-content\/uploads\/2020\/03\/20191225_185830-1152x1536.jpg 1152w, https:\/\/www.pension-hunaustuben.com\/wp-content\/uploads\/2020\/03\/20191225_185830-1536x2048.jpg 1536w, https:\/\/www.pension-hunaustuben.com\/wp-content\/uploads\/2020\/03\/20191225_185830-263x350.jpg 263w, https:\/\/www.pension-hunaustuben.com\/wp-content\/uploads\/2020\/03\/20191225_185830-113x150.jpg 113w, https:\/\/www.pension-hunaustuben.com\/wp-content\/uploads\/2020\/03\/20191225_185830-scaled.jpg 1920w\" sizes=\"auto, (max-width: 768px) 100vw, 768px\" \/><figcaption class=\"wp-element-caption\">Leckeres Essen<\/figcaption><\/figure>\n\n\n\n<figure class=\"wp-block-image size-large\"><img loading=\"lazy\" decoding=\"async\" width=\"576\" height=\"1024\" data-id=\"527\" src=\"https:\/\/www.pension-hunaustuben.com\/wp-content\/uploads\/2020\/03\/20181225_172954-576x1024.jpg\" alt=\"\" class=\"wp-image-527\" srcset=\"https:\/\/www.pension-hunaustuben.com\/wp-content\/uploads\/2020\/03\/20181225_172954-576x1024.jpg 576w, https:\/\/www.pension-hunaustuben.com\/wp-content\/uploads\/2020\/03\/20181225_172954-169x300.jpg 169w, https:\/\/www.pension-hunaustuben.com\/wp-content\/uploads\/2020\/03\/20181225_172954-768x1365.jpg 768w, https:\/\/www.pension-hunaustuben.com\/wp-content\/uploads\/2020\/03\/20181225_172954-864x1536.jpg 864w, https:\/\/www.pension-hunaustuben.com\/wp-content\/uploads\/2020\/03\/20181225_172954-1152x2048.jpg 1152w, https:\/\/www.pension-hunaustuben.com\/wp-content\/uploads\/2020\/03\/20181225_172954-197x350.jpg 197w, https:\/\/www.pension-hunaustuben.com\/wp-content\/uploads\/2020\/03\/20181225_172954-84x150.jpg 84w, https:\/\/www.pension-hunaustuben.com\/wp-content\/uploads\/2020\/03\/20181225_172954-scaled.jpg 1440w\" sizes=\"auto, (max-width: 576px) 100vw, 576px\" \/><figcaption class=\"wp-element-caption\">Weihnachtlich gedeckter Tisch<\/figcaption><\/figure>\n\n\n\n<figure class=\"wp-block-image size-large\"><img loading=\"lazy\" decoding=\"async\" width=\"768\" height=\"1024\" data-id=\"528\" src=\"https:\/\/www.pension-hunaustuben.com\/wp-content\/uploads\/2020\/03\/IMG_6125-768x1024.jpg\" alt=\"\" class=\"wp-image-528\" srcset=\"https:\/\/www.pension-hunaustuben.com\/wp-content\/uploads\/2020\/03\/IMG_6125-768x1024.jpg 768w, https:\/\/www.pension-hunaustuben.com\/wp-content\/uploads\/2020\/03\/IMG_6125-225x300.jpg 225w, https:\/\/www.pension-hunaustuben.com\/wp-content\/uploads\/2020\/03\/IMG_6125-1152x1536.jpg 1152w, https:\/\/www.pension-hunaustuben.com\/wp-content\/uploads\/2020\/03\/IMG_6125-1536x2048.jpg 1536w, https:\/\/www.pension-hunaustuben.com\/wp-content\/uploads\/2020\/03\/IMG_6125-263x350.jpg 263w, https:\/\/www.pension-hunaustuben.com\/wp-content\/uploads\/2020\/03\/IMG_6125-113x150.jpg 113w, https:\/\/www.pension-hunaustuben.com\/wp-content\/uploads\/2020\/03\/IMG_6125-scaled.jpg 1920w\" sizes=\"auto, (max-width: 768px) 100vw, 768px\" \/><figcaption class=\"wp-element-caption\">3- und 5- G\u00e4ngen Diner<\/figcaption><\/figure>\n\n\n\n<figure class=\"wp-block-image size-large\"><img loading=\"lazy\" decoding=\"async\" width=\"600\" height=\"800\" data-id=\"529\" src=\"https:\/\/www.pension-hunaustuben.com\/wp-content\/uploads\/2020\/03\/Hunaustuben-070-full.jpg\" alt=\"\" class=\"wp-image-529\" srcset=\"https:\/\/www.pension-hunaustuben.com\/wp-content\/uploads\/2020\/03\/Hunaustuben-070-full.jpg 600w, https:\/\/www.pension-hunaustuben.com\/wp-content\/uploads\/2020\/03\/Hunaustuben-070-full-225x300.jpg 225w, https:\/\/www.pension-hunaustuben.com\/wp-content\/uploads\/2020\/03\/Hunaustuben-070-full-263x350.jpg 263w, https:\/\/www.pension-hunaustuben.com\/wp-content\/uploads\/2020\/03\/Hunaustuben-070-full-113x150.jpg 113w\" sizes=\"auto, (max-width: 600px) 100vw, 600px\" \/><figcaption class=\"wp-element-caption\">Weihnachtssmuck<\/figcaption><\/figure>\n<\/figure>\n","protected":false},"excerpt":{"rendered":"<p>&#x1f384; Weihnachten bei uns \u2013 Besinnlich, Gen\u00fcsslich, Unvergesslich &#x1f384; Verbringen Sie die festlichste Zeit des Jahres in entspannter Atmosph\u00e4re und lassen Sie sich rundum verw\u00f6hnen \u2013 mit unserem exklusiven Weihnachtsarrangement vom 24. bis 27. Dezember. Inklusive: &#x2615; Herzliches Willkommen mit Kaffee &amp; Kuchen bei der Anreise&#x1f6cf;&#xfe0f; 3 \u00dcbernachtungen in gem\u00fctlicher&#8230; <a class=\"continue-reading-link\" href=\"https:\/\/www.pension-hunaustuben.com\/de\/kerst-arrangement\/\">Mehr Lesen<\/a><\/p>\n","protected":false},"author":1,"featured_media":0,"parent":0,"menu_order":0,"comment_status":"closed","ping_status":"closed","template":"","meta":{"footnotes":""},"class_list":["post-218","page","type-page","status-publish","hentry"],"_links":{"self":[{"href":"https:\/\/www.pension-hunaustuben.com\/de\/wp-json\/wp\/v2\/pages\/218","targetHints":{"allow":["GET"]}}],"collection":[{"href":"https:\/\/www.pension-hunaustuben.com\/de\/wp-json\/wp\/v2\/pages"}],"about":[{"href":"https:\/\/www.pension-hunaustuben.com\/de\/wp-json\/wp\/v2\/types\/page"}],"author":[{"embeddable":true,"href":"https:\/\/www.pension-hunaustuben.com\/de\/wp-json\/wp\/v2\/users\/1"}],"replies":[{"embeddable":true,"href":"https:\/\/www.pension-hunaustuben.com\/de\/wp-json\/wp\/v2\/comments?post=218"}],"version-history":[{"count":18,"href":"https:\/\/www.pension-hunaustuben.com\/de\/wp-json\/wp\/v2\/pages\/218\/revisions"}],"predecessor-version":[{"id":1238,"href":"https:\/\/www.pension-hunaustuben.com\/de\/wp-json\/wp\/v2\/pages\/218\/revisions\/1238"}],"wp:attachment":[{"href":"https:\/\/www.pension-hunaustuben.com\/de\/wp-json\/wp\/v2\/media?parent=218"}],"curies":[{"name":"wp","href":"https:\/\/api.w.org\/{rel}","templated":true}]}}