{"id":203,"date":"2019-05-02T10:22:03","date_gmt":"2019-05-02T10:22:03","guid":{"rendered":"http:\/\/nieuw2019.pension-hunaustuben.com\/?page_id=203"},"modified":"2026-02-19T12:09:26","modified_gmt":"2026-02-19T12:09:26","slug":"prijzen","status":"publish","type":"page","link":"https:\/\/www.pension-hunaustuben.com\/de\/kamers\/prijzen\/","title":{"rendered":"Preise"},"content":{"rendered":"\n<p class=\"has-text-align-center\">F\u00fcr den besten Preis buchen Sie einfach direkt bei uns per <a href=\"https:\/\/ibe.smarthotel.nl\/?id=d5e21716-dd39-462f-815d-21218af92dbb&amp;segment=Hotel\" target=\"_blank\" rel=\"noopener\"><em><strong>Online Buchung<\/strong><\/em><\/a><\/p>\n\n\n\n<div class=\"wp-block-buttons is-horizontal is-content-justification-center is-layout-flex wp-container-core-buttons-is-layout-ddb39544 wp-block-buttons-is-layout-flex\">\n<div class=\"wp-block-button has-custom-width wp-block-button__width-50 is-style-fill\"><a class=\"wp-block-button__link has-white-color has-vivid-red-background-color has-text-color has-background has-link-color has-medium-font-size has-custom-font-size wp-element-button\" href=\"https:\/\/ibe.smarthotel.nl\/?id=d5e21716-dd39-462f-815d-21218af92dbb&amp;segment=Hotel\">Preise und Verf\u00fcgbarkeiten<\/a><\/div>\n<\/div>\n\n\n\n<p><strong>Preise pro Zimmer und Nacht <\/strong>:<\/p>\n\n\n\n<p><\/p>\n\n\n\n<figure class=\"wp-block-table is-style-stripes\"><table><tbody><tr><td>Einzelzimmer<\/td><td>64,90\u20ac pro Nacht inkl. Fr\u00fchst\u00fcck<br>52,40\u20ac Pro Nacht ohne Fr\u00fchst\u00fcck<\/td><\/tr><tr><td>Doppelzimmer &#8222;Economy&#8220;<\/td><td>99,90\u20ac pro Nacht inkl. Fr\u00fchst\u00fcck<br>74,90\u20ac pro Nacht ohne Fr\u00fchst\u00fcck<\/td><\/tr><tr><td>Doppelzimmer &#8222;Standard&#8220;<\/td><td>107,90\u20ac pro Nacht inkl. Fr\u00fchst\u00fcck<br>82,90\u20ac pro Nacht ohne Fr\u00fchst\u00fcck<\/td><\/tr><tr><td>Doppelzimmer &#8222;Balkony&#8220;<\/td><td>117,90\u20ac pro Nacht inkl. Fr\u00fchst\u00fcck<br>92,90\u20ac pro Nacht ohne Fr\u00fchst\u00fcck<\/td><\/tr><tr><td>Dreibettzimmer<\/td><td>154,90\u20ac pro Nacht inkl. Fr\u00fchst\u00fcck<br>117,40\u20ac pro Nacht ohne Fr\u00fchst\u00fcck<\/td><\/tr><tr><td>Familienzimmer 4 Personen<\/td><td>199,90\u20ac pro Nacht inkl. Fr\u00fchst\u00fcck<br>149,90\u20ac pro Nacht ohne Fr\u00fchst\u00fcck<\/td><\/tr><\/tbody><\/table><\/figure>\n\n\n\n<p class=\"has-text-align-center\"><br><\/p>\n\n\n<p style=\"text-align: center;\">Auch k\u00f6nnen Sie uns telefonisch unter 02977-709840 anrufen oder bequem \u00fcber Whatsapp: 015202196159 eine Nachricht schicken.<\/p>\n\n\n<div class=\"wp-block-group\"><div class=\"wp-block-group__inner-container is-layout-constrained wp-block-group-is-layout-constrained\">\n<figure class=\"wp-block-gallery has-nested-images columns-default is-cropped wp-block-gallery-1 is-layout-flex wp-block-gallery-is-layout-flex\">\n<figure class=\"wp-block-image size-large is-style-rounded\"><img loading=\"lazy\" decoding=\"async\" width=\"1024\" height=\"576\" data-id=\"74\" src=\"https:\/\/www.pension-hunaustuben.com\/wp-content\/uploads\/2019\/05\/20181121_164307-1024x576.jpg\" alt=\"\" class=\"wp-image-74\" srcset=\"https:\/\/www.pension-hunaustuben.com\/wp-content\/uploads\/2019\/05\/20181121_164307-1024x576.jpg 1024w, https:\/\/www.pension-hunaustuben.com\/wp-content\/uploads\/2019\/05\/20181121_164307-300x169.jpg 300w, https:\/\/www.pension-hunaustuben.com\/wp-content\/uploads\/2019\/05\/20181121_164307-768x432.jpg 768w, https:\/\/www.pension-hunaustuben.com\/wp-content\/uploads\/2019\/05\/20181121_164307-622x350.jpg 622w, https:\/\/www.pension-hunaustuben.com\/wp-content\/uploads\/2019\/05\/20181121_164307-150x84.jpg 150w\" sizes=\"auto, (max-width: 1024px) 100vw, 1024px\" \/><figcaption class=\"wp-element-caption\">Schlafen&#8230;.<\/figcaption><\/figure>\n\n\n\n<figure class=\"wp-block-image size-large is-style-rounded\"><img loading=\"lazy\" decoding=\"async\" width=\"1024\" height=\"681\" data-id=\"177\" src=\"https:\/\/www.pension-hunaustuben.com\/wp-content\/uploads\/2019\/05\/KPK340760_300dpi-1024x681.jpg\" alt=\"\" class=\"wp-image-177\" srcset=\"https:\/\/www.pension-hunaustuben.com\/wp-content\/uploads\/2019\/05\/KPK340760_300dpi-1024x681.jpg 1024w, https:\/\/www.pension-hunaustuben.com\/wp-content\/uploads\/2019\/05\/KPK340760_300dpi-300x200.jpg 300w, https:\/\/www.pension-hunaustuben.com\/wp-content\/uploads\/2019\/05\/KPK340760_300dpi-768x511.jpg 768w, https:\/\/www.pension-hunaustuben.com\/wp-content\/uploads\/2019\/05\/KPK340760_300dpi-526x350.jpg 526w, https:\/\/www.pension-hunaustuben.com\/wp-content\/uploads\/2019\/05\/KPK340760_300dpi-150x100.jpg 150w, https:\/\/www.pension-hunaustuben.com\/wp-content\/uploads\/2019\/05\/KPK340760_300dpi.jpg 2000w\" sizes=\"auto, (max-width: 1024px) 100vw, 1024px\" \/><figcaption class=\"wp-element-caption\">genie\u00dfe die Natur&#8230;.<\/figcaption><\/figure>\n\n\n\n<figure class=\"wp-block-image size-large is-style-rounded\"><img loading=\"lazy\" decoding=\"async\" width=\"1024\" height=\"576\" data-id=\"913\" src=\"https:\/\/www.pension-hunaustuben.com\/wp-content\/uploads\/2021\/09\/20200426_181313-1-1024x576.jpg\" alt=\"\" class=\"wp-image-913\" srcset=\"https:\/\/www.pension-hunaustuben.com\/wp-content\/uploads\/2021\/09\/20200426_181313-1-1024x576.jpg 1024w, https:\/\/www.pension-hunaustuben.com\/wp-content\/uploads\/2021\/09\/20200426_181313-1-300x169.jpg 300w, https:\/\/www.pension-hunaustuben.com\/wp-content\/uploads\/2021\/09\/20200426_181313-1-768x432.jpg 768w, https:\/\/www.pension-hunaustuben.com\/wp-content\/uploads\/2021\/09\/20200426_181313-1-1536x864.jpg 1536w, https:\/\/www.pension-hunaustuben.com\/wp-content\/uploads\/2021\/09\/20200426_181313-1-2048x1152.jpg 2048w, https:\/\/www.pension-hunaustuben.com\/wp-content\/uploads\/2021\/09\/20200426_181313-1-18x10.jpg 18w, https:\/\/www.pension-hunaustuben.com\/wp-content\/uploads\/2021\/09\/20200426_181313-1-150x84.jpg 150w\" sizes=\"auto, (max-width: 1024px) 100vw, 1024px\" \/><figcaption class=\"wp-element-caption\">Essen und Einkehren!<\/figcaption><\/figure>\n<\/figure>\n<\/div><\/div>\n\n\n\n<h1 class=\"wp-block-heading\"><\/h1>\n\n\n\n<p class=\"has-text-align-center has-black-color has-vivid-red-background-color has-text-color has-background has-normal-font-size\"><\/p>\n\n\n<h1><span style=\"color: #ff0000;\">Stornieren<\/span><\/h1>\n\n\n<ul class=\"wp-block-list\">\n<li>Bei Stornierung oder Umbuchung bis 14 Tagen vor Anreise werden keinen kosten auf Sie zukommen<\/li>\n\n\n\n<li>Bei Stornierung oder Umbuchung innerhalb von 14 Tagen vor Anreise werden 50% der Totalsumme berechnet.<\/li>\n\n\n\n<li>Bei Stornierung oder Umbichung innerhalb von 3 Tagen vor Anreise, danach oder wenn sie nicht Anreisen (no-show) werden 100% der Totalkosten berechnet.<\/li>\n<\/ul>\n\n\n\n<p class=\"has-text-align-center has-white-color has-vivid-red-background-color has-text-color has-background has-normal-font-size\">M\u00f6chten Sie Ihren Hund mitbringen, bitte denken Sie an unsere Hausordnung:<br>&#8211; Hunde sind nicht erlaubt in unser G\u00e4stezimmer (Bar und Restaurant).<br> &#8211; Das Herchen bringt einen Korb, Bench oder Decke mit. <br>&#8211; Hunde d\u00fcrfen nicht auf die Betten!<em> (6\u20ac pro Hund und Nacht)<\/em> <\/p>\n\n\n\n<p><\/p>\n","protected":false},"excerpt":{"rendered":"<p>F\u00fcr den besten Preis buchen Sie einfach direkt bei uns per Online Buchung Preise pro Zimmer und Nacht : Einzelzimmer 64,90\u20ac pro Nacht inkl. Fr\u00fchst\u00fcck52,40\u20ac Pro Nacht ohne Fr\u00fchst\u00fcck Doppelzimmer &#8222;Economy&#8220; 99,90\u20ac pro Nacht inkl. Fr\u00fchst\u00fcck74,90\u20ac pro Nacht ohne Fr\u00fchst\u00fcck Doppelzimmer &#8222;Standard&#8220; 107,90\u20ac pro Nacht inkl. Fr\u00fchst\u00fcck82,90\u20ac pro Nacht ohne&#8230; <a class=\"continue-reading-link\" href=\"https:\/\/www.pension-hunaustuben.com\/de\/kamers\/prijzen\/\">Mehr Lesen<\/a><\/p>\n","protected":false},"author":1,"featured_media":0,"parent":104,"menu_order":0,"comment_status":"closed","ping_status":"closed","template":"","meta":{"footnotes":""},"class_list":["post-203","page","type-page","status-publish","hentry"],"_links":{"self":[{"href":"https:\/\/www.pension-hunaustuben.com\/de\/wp-json\/wp\/v2\/pages\/203","targetHints":{"allow":["GET"]}}],"collection":[{"href":"https:\/\/www.pension-hunaustuben.com\/de\/wp-json\/wp\/v2\/pages"}],"about":[{"href":"https:\/\/www.pension-hunaustuben.com\/de\/wp-json\/wp\/v2\/types\/page"}],"author":[{"embeddable":true,"href":"https:\/\/www.pension-hunaustuben.com\/de\/wp-json\/wp\/v2\/users\/1"}],"replies":[{"embeddable":true,"href":"https:\/\/www.pension-hunaustuben.com\/de\/wp-json\/wp\/v2\/comments?post=203"}],"version-history":[{"count":83,"href":"https:\/\/www.pension-hunaustuben.com\/de\/wp-json\/wp\/v2\/pages\/203\/revisions"}],"predecessor-version":[{"id":1269,"href":"https:\/\/www.pension-hunaustuben.com\/de\/wp-json\/wp\/v2\/pages\/203\/revisions\/1269"}],"up":[{"embeddable":true,"href":"https:\/\/www.pension-hunaustuben.com\/de\/wp-json\/wp\/v2\/pages\/104"}],"wp:attachment":[{"href":"https:\/\/www.pension-hunaustuben.com\/de\/wp-json\/wp\/v2\/media?parent=203"}],"curies":[{"name":"wp","href":"https:\/\/api.w.org\/{rel}","templated":true}]}}