{"id":149,"date":"2019-05-02T06:23:07","date_gmt":"2019-05-02T06:23:07","guid":{"rendered":"http:\/\/nieuw2019.pension-hunaustuben.com\/?page_id=149"},"modified":"2020-10-08T15:11:57","modified_gmt":"2020-10-08T15:11:57","slug":"impressum-disclaimer","status":"publish","type":"page","link":"https:\/\/www.pension-hunaustuben.com\/de\/privacy-verklaring\/impressum-disclaimer\/","title":{"rendered":"Impressum\/Disclaimer"},"content":{"rendered":"\n<h4 class=\"wp-block-heading\"><strong>Impressum<\/strong><\/h4>\n\n\n\n<p>Pension Hunaustuben<br>\nInhaber: Steven De Rudder<br>\nHunaustrasse 21<br>\n57392 Schmallenberg-B\u00f6defeld<br>\nTelefon:0049-2977-709840<br>\nE-Mail: info@pension-hunaustuben.com<\/p>\n\n\n\n<p><strong>Rechtliche Angaben<br>\n<\/strong>USt.ID.nr. gem\u00e4\u00df \u00a7 27 a Umsatzsteuergesetz: DE263128143<br>\nInhaltlich Verantwortlicher gem\u00e4\u00df TMG: Steven De Rudder<\/p>\n\n\n\n<p><strong>Aufsichtsbeh\u00f6rde<br>\n<\/strong>Amt f\u00fcr Sicherheit und Ordnung der Stadt Schmallenberg<\/p>\n\n\n\n<p><strong>Online-Streitbeteiligung<\/strong><br>\nHinweis zur Online-Streitbeilegung gem\u00e4\u00df Art. 14 Abs. 1 ODR-VO: Die \nEurop\u00e4ische Kommission stellt eine Plattform zur Online-Streitbeilegung \n(OS) bereit, diese finden Sie<a href=\"https:\/\/ec.europa.eu\/consumers\/odr\/main\/index.cfm?event=main.home.chooseLanguage\"> hier<\/a><\/p>\n\n\n\n<h4 class=\"wp-block-heading\">Disclaimer<\/h4>\n\n\n\n<p><strong>Copyright<\/strong><\/p>\n\n\n\n<p>Alle rechten voorbehouden. Niets uit deze website mag worden \nverveelvoudigd en\/of openbaar gemaakt via internet, door middel van \ndruk, fotokopie, microfilm of op welke andere wijze dan ook zonder \nvoorafgaande schriftelijke toestemming.<\/p>\n\n\n\n<p><strong>Gebruiksvoorwaarden<\/strong><\/p>\n\n\n\n<p>De gebruiker is niet gemachtigd welke informatie dan ook die wordt \nverkregen via deze website commercieel te exploiteren zonder \nschriftelijke toestemming.<\/p>\n\n\n\n<p><strong>Aansprakelijkheid<\/strong><\/p>\n\n\n\n<p>De website van Pension Hunaustuben is zorgvuldig samengesteld. \nMochten er desondanks onjuistheden in deze website staan, dan kan \nPension Hunaustuben hiervoor niet aansprakelijk gesteld worden. Aan \neventuele onjuistheden of onvolledigheden kunnen geen rechten ontleend \nworden. Pension Hunaustuben kan evenmin aansprakelijk gesteld worden \nindien zich, door het gebruik van deze site of de erin opgenomen links, \nbij de raadpleger schade zou voordoen van welke aard ook.<\/p>\n\n\n\n<p><strong>Verwijzingen naar andere sites<\/strong><\/p>\n\n\n\n<p>Pension Hunaustuben is niet verantwoordelijk voor de inhoud van \nwebsites waarmee een link vanuit deze site gemaakt wordt. Dergelijke \nverbinding naar andere, externe informatiebronnen wordt louter \ninformatief gelegd en houdt geen enkel standpunt in tegenover de inhoud \nof het bestaan ervan. Mocht u evenwel technische problemen vaststellen \nof bedenkingen hebben bij de inhoud van de sites, dan kan u dat melden, \nwij nemen meteen maatregelen om de betreffende links aan te passen of te\n verwijderen.<\/p>\n","protected":false},"excerpt":{"rendered":"<p>Impressum Pension Hunaustuben Inhaber: Steven De Rudder Hunaustrasse 21 57392 Schmallenberg-B\u00f6defeld Telefon:0049-2977-709840 E-Mail: info@pension-hunaustuben.com Rechtliche Angaben USt.ID.nr. gem\u00e4\u00df \u00a7 27 a Umsatzsteuergesetz: DE263128143 Inhaltlich Verantwortlicher gem\u00e4\u00df TMG: Steven De Rudder Aufsichtsbeh\u00f6rde Amt f\u00fcr Sicherheit und Ordnung der Stadt Schmallenberg Online-Streitbeteiligung Hinweis zur Online-Streitbeilegung gem\u00e4\u00df Art. 14 Abs. 1 ODR-VO: Die&#8230; <a class=\"continue-reading-link\" href=\"https:\/\/www.pension-hunaustuben.com\/de\/privacy-verklaring\/impressum-disclaimer\/\">Mehr Lesen<\/a><\/p>\n","protected":false},"author":1,"featured_media":0,"parent":100,"menu_order":0,"comment_status":"closed","ping_status":"closed","template":"","meta":{"footnotes":""},"class_list":["post-149","page","type-page","status-publish","hentry"],"_links":{"self":[{"href":"https:\/\/www.pension-hunaustuben.com\/de\/wp-json\/wp\/v2\/pages\/149","targetHints":{"allow":["GET"]}}],"collection":[{"href":"https:\/\/www.pension-hunaustuben.com\/de\/wp-json\/wp\/v2\/pages"}],"about":[{"href":"https:\/\/www.pension-hunaustuben.com\/de\/wp-json\/wp\/v2\/types\/page"}],"author":[{"embeddable":true,"href":"https:\/\/www.pension-hunaustuben.com\/de\/wp-json\/wp\/v2\/users\/1"}],"replies":[{"embeddable":true,"href":"https:\/\/www.pension-hunaustuben.com\/de\/wp-json\/wp\/v2\/comments?post=149"}],"version-history":[{"count":2,"href":"https:\/\/www.pension-hunaustuben.com\/de\/wp-json\/wp\/v2\/pages\/149\/revisions"}],"predecessor-version":[{"id":258,"href":"https:\/\/www.pension-hunaustuben.com\/de\/wp-json\/wp\/v2\/pages\/149\/revisions\/258"}],"up":[{"embeddable":true,"href":"https:\/\/www.pension-hunaustuben.com\/de\/wp-json\/wp\/v2\/pages\/100"}],"wp:attachment":[{"href":"https:\/\/www.pension-hunaustuben.com\/de\/wp-json\/wp\/v2\/media?parent=149"}],"curies":[{"name":"wp","href":"https:\/\/api.w.org\/{rel}","templated":true}]}}