{"id":1255,"date":"2026-01-05T19:20:23","date_gmt":"2026-01-05T19:20:23","guid":{"rendered":"https:\/\/www.pension-hunaustuben.com\/?page_id=1255"},"modified":"2026-01-05T19:26:59","modified_gmt":"2026-01-05T19:26:59","slug":"overnachten-met-kinderen","status":"publish","type":"page","link":"https:\/\/www.pension-hunaustuben.com\/de\/overnachten-met-kinderen\/","title":{"rendered":"\u00dcbernachten mit Kinder"},"content":{"rendered":"\n<h3 class=\"wp-block-heading\">Kinder &amp; \u00dcbernachtung \u2013 Wichtige Informationen f\u00fcr Familien<\/h3>\n\n\n\n<p>Wir erhalten regelm\u00e4\u00dfig die Frage, ob Kinder im Bett der Eltern schlafen d\u00fcrfen.<br>Dies ist in unserer Pension <strong>nicht gestattet<\/strong>.<\/p>\n\n\n<div class=\"wp-block-image\">\n<figure class=\"alignright size-large is-resized\"><img loading=\"lazy\" decoding=\"async\" width=\"1024\" height=\"1024\" src=\"https:\/\/www.pension-hunaustuben.com\/wp-content\/uploads\/2026\/01\/Ontwerp-zonder-titel-1-1024x1024.jpg\" alt=\"\" class=\"wp-image-1260\" style=\"width:399px;height:auto\" srcset=\"https:\/\/www.pension-hunaustuben.com\/wp-content\/uploads\/2026\/01\/Ontwerp-zonder-titel-1-1024x1024.jpg 1024w, https:\/\/www.pension-hunaustuben.com\/wp-content\/uploads\/2026\/01\/Ontwerp-zonder-titel-1-300x300.jpg 300w, https:\/\/www.pension-hunaustuben.com\/wp-content\/uploads\/2026\/01\/Ontwerp-zonder-titel-1-150x150.jpg 150w, https:\/\/www.pension-hunaustuben.com\/wp-content\/uploads\/2026\/01\/Ontwerp-zonder-titel-1-768x768.jpg 768w, https:\/\/www.pension-hunaustuben.com\/wp-content\/uploads\/2026\/01\/Ontwerp-zonder-titel-1-1536x1536.jpg 1536w, https:\/\/www.pension-hunaustuben.com\/wp-content\/uploads\/2026\/01\/Ontwerp-zonder-titel-1-2048x2048.jpg 2048w, https:\/\/www.pension-hunaustuben.com\/wp-content\/uploads\/2026\/01\/Ontwerp-zonder-titel-1-12x12.jpg 12w\" sizes=\"auto, (max-width: 1024px) 100vw, 1024px\" \/><\/figure>\n<\/div>\n\n\n<p><strong>Kinder bis einschlie\u00dflich 2 Jahre<\/strong> d\u00fcrfen <strong>kostenfrei im Zimmer der Eltern \u00fcbernachten<\/strong>.<br>Ab dem <strong>3. Lebensjahr<\/strong> ist aus <strong>versicherungs- und brandschutzrechtlichen Gr\u00fcnden<\/strong> ein <strong>eigenes Bett verpflichtend<\/strong>. Dies kann ein <strong>selbst mitgebrachtes Kinderbett (nach vorheriger Absprache)<\/strong> oder ein <strong>Bett in einem unserer Zimmer<\/strong> sein.<\/p>\n\n\n\n<p>Aus Sicherheitsgr\u00fcnden ist es <strong>nicht erlaubt<\/strong>, dass Kinder ohne entsprechende Buchung im Bett der Eltern schlafen.<\/p>\n\n\n\n<p>F\u00fcr Familien bieten wir <strong>Familienzimmer und 3-Bett-Zimmer<\/strong>, ideal f\u00fcr einen komfortablen Aufenthalt mit Kindern. Als <strong>famili\u00e4r gef\u00fchrte Pension mit \u00fcber 18 Jahren Erfahrung<\/strong> hei\u00dfen wir Familien herzlich willkommen und sorgen daf\u00fcr, dass <strong>Kinderzimmer immer direkt neben oder in unmittelbarer N\u00e4he des Elternzimmers<\/strong> liegen.<\/p>\n\n\n\n<p>Haben Sie Fragen? Sprechen Sie uns gerne an \u2013 wir beraten Sie pers\u00f6nlich und finden gemeinsam die beste L\u00f6sung.<\/p>\n\n\n\n<p><\/p>\n","protected":false},"excerpt":{"rendered":"<p>Kinder &amp; \u00dcbernachtung \u2013 Wichtige Informationen f\u00fcr Familien Wir erhalten regelm\u00e4\u00dfig die Frage, ob Kinder im Bett der Eltern schlafen d\u00fcrfen.Dies ist in unserer Pension nicht gestattet. Kinder bis einschlie\u00dflich 2 Jahre d\u00fcrfen kostenfrei im Zimmer der Eltern \u00fcbernachten.Ab dem 3. Lebensjahr ist aus versicherungs- und brandschutzrechtlichen Gr\u00fcnden ein eigenes&#8230; <a class=\"continue-reading-link\" href=\"https:\/\/www.pension-hunaustuben.com\/de\/overnachten-met-kinderen\/\">Mehr Lesen<\/a><\/p>\n","protected":false},"author":1,"featured_media":0,"parent":0,"menu_order":0,"comment_status":"closed","ping_status":"closed","template":"","meta":{"footnotes":""},"class_list":["post-1255","page","type-page","status-publish","hentry"],"_links":{"self":[{"href":"https:\/\/www.pension-hunaustuben.com\/de\/wp-json\/wp\/v2\/pages\/1255","targetHints":{"allow":["GET"]}}],"collection":[{"href":"https:\/\/www.pension-hunaustuben.com\/de\/wp-json\/wp\/v2\/pages"}],"about":[{"href":"https:\/\/www.pension-hunaustuben.com\/de\/wp-json\/wp\/v2\/types\/page"}],"author":[{"embeddable":true,"href":"https:\/\/www.pension-hunaustuben.com\/de\/wp-json\/wp\/v2\/users\/1"}],"replies":[{"embeddable":true,"href":"https:\/\/www.pension-hunaustuben.com\/de\/wp-json\/wp\/v2\/comments?post=1255"}],"version-history":[{"count":3,"href":"https:\/\/www.pension-hunaustuben.com\/de\/wp-json\/wp\/v2\/pages\/1255\/revisions"}],"predecessor-version":[{"id":1263,"href":"https:\/\/www.pension-hunaustuben.com\/de\/wp-json\/wp\/v2\/pages\/1255\/revisions\/1263"}],"wp:attachment":[{"href":"https:\/\/www.pension-hunaustuben.com\/de\/wp-json\/wp\/v2\/media?parent=1255"}],"curies":[{"name":"wp","href":"https:\/\/api.w.org\/{rel}","templated":true}]}}