{"id":104,"date":"2019-05-01T20:44:04","date_gmt":"2019-05-01T20:44:04","guid":{"rendered":"http:\/\/nieuw2019.pension-hunaustuben.com\/?page_id=104"},"modified":"2024-11-20T19:48:45","modified_gmt":"2024-11-20T19:48:45","slug":"kamers","status":"publish","type":"page","link":"https:\/\/www.pension-hunaustuben.com\/de\/kamers\/","title":{"rendered":"Zimmer"},"content":{"rendered":"<p class=\"first\">Willkommen zu unseren Zimmern. In diesen Zimmern werden Sie sich wie zu Hause f\u00fchlen. Von Ihrem bequemen Bett aus haben Sie einen Blick auf den Fernseher und den Schreibtisch. Sie k\u00f6nnen die Sitze Ihres Sitzbereichs in die gew\u00fcnschte Richtung drehen.\u00a0 Alle Zimmern verf\u00fcgen \u00fcber ein eigenes Badezimmer mit Waschbecken, Toilette und Dusche.<br \/><br \/>Im Flurbereich gibt es eine Minibar wo Sie sich selbst bedienen k\u00f6nnen mit einem kalten Getr\u00e4nk und es bietet Ihnen die M\u00f6glichkeit, Kaffee und Tee zuzubereiten.<\/p>\n<p class=\"last\">Wenn Sie ein Balkonzimmer buchen, gibt dies Ihnen einen Sitzgelegenheit und Sie haben ein sch\u00f6nen Blick \u00fcber ein Teil des Dorfes.<\/p>\n\n\n<figure class=\"wp-block-gallery has-nested-images columns-default is-cropped wp-block-gallery-1 is-layout-flex wp-block-gallery-is-layout-flex\">\n<figure class=\"wp-block-image size-large\"><img loading=\"lazy\" decoding=\"async\" width=\"852\" height=\"852\" data-id=\"794\" src=\"https:\/\/www.pension-hunaustuben.com\/wp-content\/uploads\/2021\/03\/19437599_1347108995403822_1270123453382912309_n.jpg\" alt=\"\" class=\"wp-image-794\" srcset=\"https:\/\/www.pension-hunaustuben.com\/wp-content\/uploads\/2021\/03\/19437599_1347108995403822_1270123453382912309_n.jpg 852w, https:\/\/www.pension-hunaustuben.com\/wp-content\/uploads\/2021\/03\/19437599_1347108995403822_1270123453382912309_n-300x300.jpg 300w, https:\/\/www.pension-hunaustuben.com\/wp-content\/uploads\/2021\/03\/19437599_1347108995403822_1270123453382912309_n-150x150.jpg 150w, https:\/\/www.pension-hunaustuben.com\/wp-content\/uploads\/2021\/03\/19437599_1347108995403822_1270123453382912309_n-768x768.jpg 768w, https:\/\/www.pension-hunaustuben.com\/wp-content\/uploads\/2021\/03\/19437599_1347108995403822_1270123453382912309_n-12x12.jpg 12w\" sizes=\"auto, (max-width: 852px) 100vw, 852px\" \/><\/figure>\n\n\n\n<figure class=\"wp-block-image size-large\"><img loading=\"lazy\" decoding=\"async\" width=\"852\" height=\"852\" data-id=\"795\" src=\"https:\/\/www.pension-hunaustuben.com\/wp-content\/uploads\/2021\/03\/19510264_1347109028737152_3590771658766554031_n.jpg\" alt=\"\" class=\"wp-image-795\" srcset=\"https:\/\/www.pension-hunaustuben.com\/wp-content\/uploads\/2021\/03\/19510264_1347109028737152_3590771658766554031_n.jpg 852w, https:\/\/www.pension-hunaustuben.com\/wp-content\/uploads\/2021\/03\/19510264_1347109028737152_3590771658766554031_n-300x300.jpg 300w, https:\/\/www.pension-hunaustuben.com\/wp-content\/uploads\/2021\/03\/19510264_1347109028737152_3590771658766554031_n-150x150.jpg 150w, https:\/\/www.pension-hunaustuben.com\/wp-content\/uploads\/2021\/03\/19510264_1347109028737152_3590771658766554031_n-768x768.jpg 768w, https:\/\/www.pension-hunaustuben.com\/wp-content\/uploads\/2021\/03\/19510264_1347109028737152_3590771658766554031_n-12x12.jpg 12w\" sizes=\"auto, (max-width: 852px) 100vw, 852px\" \/><\/figure>\n\n\n\n<figure class=\"wp-block-image size-large\"><img loading=\"lazy\" decoding=\"async\" width=\"1024\" height=\"576\" data-id=\"796\" src=\"https:\/\/www.pension-hunaustuben.com\/wp-content\/uploads\/2021\/03\/20181121_164307-1024x576.jpg\" alt=\"\" class=\"wp-image-796\" srcset=\"https:\/\/www.pension-hunaustuben.com\/wp-content\/uploads\/2021\/03\/20181121_164307-1024x576.jpg 1024w, https:\/\/www.pension-hunaustuben.com\/wp-content\/uploads\/2021\/03\/20181121_164307-300x169.jpg 300w, https:\/\/www.pension-hunaustuben.com\/wp-content\/uploads\/2021\/03\/20181121_164307-768x432.jpg 768w, https:\/\/www.pension-hunaustuben.com\/wp-content\/uploads\/2021\/03\/20181121_164307-1536x864.jpg 1536w, https:\/\/www.pension-hunaustuben.com\/wp-content\/uploads\/2021\/03\/20181121_164307-2048x1152.jpg 2048w, https:\/\/www.pension-hunaustuben.com\/wp-content\/uploads\/2021\/03\/20181121_164307-16x9.jpg 16w, https:\/\/www.pension-hunaustuben.com\/wp-content\/uploads\/2021\/03\/20181121_164307-150x84.jpg 150w\" sizes=\"auto, (max-width: 1024px) 100vw, 1024px\" \/><\/figure>\n\n\n\n<figure class=\"wp-block-image size-large\"><img loading=\"lazy\" decoding=\"async\" width=\"1024\" height=\"576\" data-id=\"797\" src=\"https:\/\/www.pension-hunaustuben.com\/wp-content\/uploads\/2021\/03\/20190221_144016-1024x576.jpg\" alt=\"\" class=\"wp-image-797\" srcset=\"https:\/\/www.pension-hunaustuben.com\/wp-content\/uploads\/2021\/03\/20190221_144016-1024x576.jpg 1024w, https:\/\/www.pension-hunaustuben.com\/wp-content\/uploads\/2021\/03\/20190221_144016-300x169.jpg 300w, https:\/\/www.pension-hunaustuben.com\/wp-content\/uploads\/2021\/03\/20190221_144016-768x432.jpg 768w, https:\/\/www.pension-hunaustuben.com\/wp-content\/uploads\/2021\/03\/20190221_144016-1536x864.jpg 1536w, https:\/\/www.pension-hunaustuben.com\/wp-content\/uploads\/2021\/03\/20190221_144016-2048x1152.jpg 2048w, https:\/\/www.pension-hunaustuben.com\/wp-content\/uploads\/2021\/03\/20190221_144016-16x9.jpg 16w, https:\/\/www.pension-hunaustuben.com\/wp-content\/uploads\/2021\/03\/20190221_144016-150x84.jpg 150w\" sizes=\"auto, (max-width: 1024px) 100vw, 1024px\" \/><\/figure>\n<\/figure>\n","protected":false},"excerpt":{"rendered":"<p>Willkommen zu unseren Zimmern. In diesen Zimmern werden Sie sich wie zu Hause f\u00fchlen. Von Ihrem bequemen Bett aus haben Sie einen Blick auf den Fernseher und den Schreibtisch. Sie k\u00f6nnen die Sitze Ihres Sitzbereichs in die gew\u00fcnschte Richtung drehen.\u00a0 Alle Zimmern verf\u00fcgen \u00fcber ein eigenes Badezimmer mit Waschbecken, Toilette&#8230; <a class=\"continue-reading-link\" href=\"https:\/\/www.pension-hunaustuben.com\/de\/kamers\/\">Mehr Lesen<\/a><\/p>\n","protected":false},"author":1,"featured_media":0,"parent":0,"menu_order":0,"comment_status":"closed","ping_status":"closed","template":"","meta":{"footnotes":""},"class_list":["post-104","page","type-page","status-publish","hentry"],"_links":{"self":[{"href":"https:\/\/www.pension-hunaustuben.com\/de\/wp-json\/wp\/v2\/pages\/104","targetHints":{"allow":["GET"]}}],"collection":[{"href":"https:\/\/www.pension-hunaustuben.com\/de\/wp-json\/wp\/v2\/pages"}],"about":[{"href":"https:\/\/www.pension-hunaustuben.com\/de\/wp-json\/wp\/v2\/types\/page"}],"author":[{"embeddable":true,"href":"https:\/\/www.pension-hunaustuben.com\/de\/wp-json\/wp\/v2\/users\/1"}],"replies":[{"embeddable":true,"href":"https:\/\/www.pension-hunaustuben.com\/de\/wp-json\/wp\/v2\/comments?post=104"}],"version-history":[{"count":30,"href":"https:\/\/www.pension-hunaustuben.com\/de\/wp-json\/wp\/v2\/pages\/104\/revisions"}],"predecessor-version":[{"id":1211,"href":"https:\/\/www.pension-hunaustuben.com\/de\/wp-json\/wp\/v2\/pages\/104\/revisions\/1211"}],"wp:attachment":[{"href":"https:\/\/www.pension-hunaustuben.com\/de\/wp-json\/wp\/v2\/media?parent=104"}],"curies":[{"name":"wp","href":"https:\/\/api.w.org\/{rel}","templated":true}]}}